{"id":621,"date":"2015-07-14T14:47:33","date_gmt":"2015-07-14T18:47:33","guid":{"rendered":"http:\/\/multi-monde.ca\/en\/?page_id=621"},"modified":"2015-07-20T12:39:56","modified_gmt":"2015-07-20T16:39:56","slug":"iphigenie-marcoux-fortier","status":"publish","type":"page","link":"https:\/\/multi-monde.ca\/en\/multi-monde-production\/our-collaborators\/iphigenie-marcoux-fortier\/","title":{"rendered":"Iphig\u00e9nie Marcoux-Fortier"},"content":{"rendered":"<div id=\"attachment_622\" style=\"width: 160px\" class=\"wp-caption alignleft\"><a href=\"http:\/\/multi-monde.ca\/en\/wp-content\/uploads\/sites\/2\/2015\/07\/Iphi_mf-07208.jpg\"><img loading=\"lazy\" decoding=\"async\" aria-describedby=\"caption-attachment-622\" class=\"size-full wp-image-622\" src=\"http:\/\/multi-monde.ca\/en\/wp-content\/uploads\/sites\/2\/2015\/07\/Iphi_mf-07208.jpg\" alt=\"i marcoux-fortier\" width=\"150\" height=\"193\" srcset=\"https:\/\/multi-monde.ca\/en\/wp-content\/uploads\/sites\/2\/2015\/07\/Iphi_mf-07208.jpg 150w, https:\/\/multi-monde.ca\/en\/wp-content\/uploads\/sites\/2\/2015\/07\/Iphi_mf-07208-90x116.jpg 90w\" sizes=\"auto, (max-width: 150px) 100vw, 150px\" \/><\/a><p id=\"caption-attachment-622\" class=\"wp-caption-text\">Iphig\u00e9nie Marcoux-Fortier<\/p><\/div>\n<p><strong>Iphig\u00e9nie Marcoux-Fortier<\/strong>\u00a0studied Communications, specializing in Multi-Media.<\/p>\n<p><strong>Filmography<\/strong><\/p>\n<p>2007 : <i>Cr\u00f3nicas mineras<\/i>, Production Co-Ordinator, Sound Recorder, T\u00e9l\u00e9-Qu\u00e9bec<br \/>\n2006 : <i><a href=\"http:\/\/multi-monde.ca\/en\/multi-femmes\/\">Multi-Femmes<\/a>,<\/i> Director, Camera, Editor, Parole citoyenne, NFB<br \/>\n2006 : <i>Festival de Musiques du Bout du Monde,<\/i> Sound Recorder<br \/>\n2005 : <i>\u00ab Quand reviens-tu? \u00bb,<\/i> Co-Director, Co-Producer, Sound Recorder, Editor, Presquelles, GIV<br \/>\n2005 : <i>En route, Editor<\/i>, Parole citoyenne, NFB<br \/>\n2005 :<i> Le silence nous fera \u00e9cho<\/i>, Boom Operator, Production M\u00e9tafilms<br \/>\n2005 :<i> Renato Pavez :<\/i> Presente!, Editor, Parole citoyenne, ONF<br \/>\n2005 : <i>Webzine Concours Aichi,<\/i> Sound Recorder, Silence, on court!<br \/>\n2003 : <i>Coq\u2019n\u2019roll, Co-Director<\/i>, Editor, D\u00e9rapage4 \u2013<strong> Public Choice Award<\/strong><\/p>\n","protected":false},"excerpt":{"rendered":"<p>Iphig\u00e9nie Marcoux-Fortier\u00a0studied Communications, specializing in Multi-Media. Filmography 2007 : Cr\u00f3nicas mineras, Production Co-Ordinator, Sound Recorder, T\u00e9l\u00e9-Qu\u00e9bec 2006 : Multi-Femmes, Director, Camera, Editor, Parole citoyenne, NFB 2006 : Festival de Musiques du Bout du Monde, Sound Recorder 2005 : \u00ab Quand &#8230; <a class=\"styledbutton\" href=\"https:\/\/multi-monde.ca\/en\/multi-monde-production\/our-collaborators\/iphigenie-marcoux-fortier\/\">Read More<\/a><\/p>\n","protected":false},"author":1,"featured_media":0,"parent":10,"menu_order":0,"comment_status":"closed","ping_status":"closed","template":"","meta":{"_acf_changed":false,"footnotes":""},"class_list":["post-621","page","type-page","status-publish","hentry"],"acf":[],"yoast_head":"<!-- This site is optimized with the Yoast SEO plugin v27.3 - https:\/\/yoast.com\/product\/yoast-seo-wordpress\/ -->\n<title>Iphig\u00e9nie Marcoux-Fortier - Multi-Monde EN<\/title>\n<meta name=\"robots\" content=\"index, follow, max-snippet:-1, max-image-preview:large, max-video-preview:-1\" \/>\n<link rel=\"canonical\" href=\"https:\/\/multi-monde.ca\/en\/multi-monde-production\/our-collaborators\/iphigenie-marcoux-fortier\/\" \/>\n<meta property=\"og:locale\" content=\"en_US\" \/>\n<meta property=\"og:type\" content=\"article\" \/>\n<meta property=\"og:title\" content=\"Iphig\u00e9nie Marcoux-Fortier - Multi-Monde EN\" \/>\n<meta property=\"og:description\" content=\"Iphig\u00e9nie Marcoux-Fortier\u00a0studied Communications, specializing in Multi-Media. Filmography 2007 : Cr\u00f3nicas mineras, Production Co-Ordinator, Sound Recorder, T\u00e9l\u00e9-Qu\u00e9bec 2006 : Multi-Femmes, Director, Camera, Editor, Parole citoyenne, NFB 2006 : Festival de Musiques du Bout du Monde, Sound Recorder 2005 : \u00ab Quand ... Read More\" \/>\n<meta property=\"og:url\" content=\"https:\/\/multi-monde.ca\/en\/multi-monde-production\/our-collaborators\/iphigenie-marcoux-fortier\/\" \/>\n<meta property=\"og:site_name\" content=\"Multi-Monde EN\" \/>\n<meta property=\"article:modified_time\" content=\"2015-07-20T16:39:56+00:00\" \/>\n<meta property=\"og:image\" content=\"http:\/\/multi-monde.ca\/en\/wp-content\/uploads\/sites\/2\/2015\/07\/Iphi_mf-07208.jpg\" \/>\n<meta name=\"twitter:card\" content=\"summary_large_image\" \/>\n<script type=\"application\/ld+json\" class=\"yoast-schema-graph\">{\"@context\":\"https:\\\/\\\/schema.org\",\"@graph\":[{\"@type\":\"WebPage\",\"@id\":\"https:\\\/\\\/multi-monde.ca\\\/en\\\/multi-monde-production\\\/our-collaborators\\\/iphigenie-marcoux-fortier\\\/\",\"url\":\"https:\\\/\\\/multi-monde.ca\\\/en\\\/multi-monde-production\\\/our-collaborators\\\/iphigenie-marcoux-fortier\\\/\",\"name\":\"Iphig\u00e9nie Marcoux-Fortier - Multi-Monde EN\",\"isPartOf\":{\"@id\":\"https:\\\/\\\/multi-monde.ca\\\/en\\\/#website\"},\"primaryImageOfPage\":{\"@id\":\"https:\\\/\\\/multi-monde.ca\\\/en\\\/multi-monde-production\\\/our-collaborators\\\/iphigenie-marcoux-fortier\\\/#primaryimage\"},\"image\":{\"@id\":\"https:\\\/\\\/multi-monde.ca\\\/en\\\/multi-monde-production\\\/our-collaborators\\\/iphigenie-marcoux-fortier\\\/#primaryimage\"},\"thumbnailUrl\":\"http:\\\/\\\/multi-monde.ca\\\/en\\\/wp-content\\\/uploads\\\/sites\\\/2\\\/2015\\\/07\\\/Iphi_mf-07208.jpg\",\"datePublished\":\"2015-07-14T18:47:33+00:00\",\"dateModified\":\"2015-07-20T16:39:56+00:00\",\"breadcrumb\":{\"@id\":\"https:\\\/\\\/multi-monde.ca\\\/en\\\/multi-monde-production\\\/our-collaborators\\\/iphigenie-marcoux-fortier\\\/#breadcrumb\"},\"inLanguage\":\"en-US\",\"potentialAction\":[{\"@type\":\"ReadAction\",\"target\":[\"https:\\\/\\\/multi-monde.ca\\\/en\\\/multi-monde-production\\\/our-collaborators\\\/iphigenie-marcoux-fortier\\\/\"]}]},{\"@type\":\"ImageObject\",\"inLanguage\":\"en-US\",\"@id\":\"https:\\\/\\\/multi-monde.ca\\\/en\\\/multi-monde-production\\\/our-collaborators\\\/iphigenie-marcoux-fortier\\\/#primaryimage\",\"url\":\"http:\\\/\\\/multi-monde.ca\\\/en\\\/wp-content\\\/uploads\\\/sites\\\/2\\\/2015\\\/07\\\/Iphi_mf-07208.jpg\",\"contentUrl\":\"http:\\\/\\\/multi-monde.ca\\\/en\\\/wp-content\\\/uploads\\\/sites\\\/2\\\/2015\\\/07\\\/Iphi_mf-07208.jpg\"},{\"@type\":\"BreadcrumbList\",\"@id\":\"https:\\\/\\\/multi-monde.ca\\\/en\\\/multi-monde-production\\\/our-collaborators\\\/iphigenie-marcoux-fortier\\\/#breadcrumb\",\"itemListElement\":[{\"@type\":\"ListItem\",\"position\":1,\"name\":\"Accueil\",\"item\":\"https:\\\/\\\/multi-monde.ca\\\/en\\\/\"},{\"@type\":\"ListItem\",\"position\":2,\"name\":\"Productions Multi-Monde\",\"item\":\"https:\\\/\\\/multi-monde.ca\\\/en\\\/multi-monde-production\\\/\"},{\"@type\":\"ListItem\",\"position\":3,\"name\":\"Our collaborators\",\"item\":\"https:\\\/\\\/multi-monde.ca\\\/en\\\/multi-monde-production\\\/our-collaborators\\\/\"},{\"@type\":\"ListItem\",\"position\":4,\"name\":\"Iphig\u00e9nie Marcoux-Fortier\"}]},{\"@type\":\"WebSite\",\"@id\":\"https:\\\/\\\/multi-monde.ca\\\/en\\\/#website\",\"url\":\"https:\\\/\\\/multi-monde.ca\\\/en\\\/\",\"name\":\"Multi-Monde EN\",\"description\":\"Production \\\/ Distribution\",\"potentialAction\":[{\"@type\":\"SearchAction\",\"target\":{\"@type\":\"EntryPoint\",\"urlTemplate\":\"https:\\\/\\\/multi-monde.ca\\\/en\\\/?s={search_term_string}\"},\"query-input\":{\"@type\":\"PropertyValueSpecification\",\"valueRequired\":true,\"valueName\":\"search_term_string\"}}],\"inLanguage\":\"en-US\"}]}<\/script>\n<!-- \/ Yoast SEO plugin. -->","yoast_head_json":{"title":"Iphig\u00e9nie Marcoux-Fortier - Multi-Monde EN","robots":{"index":"index","follow":"follow","max-snippet":"max-snippet:-1","max-image-preview":"max-image-preview:large","max-video-preview":"max-video-preview:-1"},"canonical":"https:\/\/multi-monde.ca\/en\/multi-monde-production\/our-collaborators\/iphigenie-marcoux-fortier\/","og_locale":"en_US","og_type":"article","og_title":"Iphig\u00e9nie Marcoux-Fortier - Multi-Monde EN","og_description":"Iphig\u00e9nie Marcoux-Fortier\u00a0studied Communications, specializing in Multi-Media. Filmography 2007 : Cr\u00f3nicas mineras, Production Co-Ordinator, Sound Recorder, T\u00e9l\u00e9-Qu\u00e9bec 2006 : Multi-Femmes, Director, Camera, Editor, Parole citoyenne, NFB 2006 : Festival de Musiques du Bout du Monde, Sound Recorder 2005 : \u00ab Quand ... Read More","og_url":"https:\/\/multi-monde.ca\/en\/multi-monde-production\/our-collaborators\/iphigenie-marcoux-fortier\/","og_site_name":"Multi-Monde EN","article_modified_time":"2015-07-20T16:39:56+00:00","og_image":[{"url":"http:\/\/multi-monde.ca\/en\/wp-content\/uploads\/sites\/2\/2015\/07\/Iphi_mf-07208.jpg","type":"","width":"","height":""}],"twitter_card":"summary_large_image","schema":{"@context":"https:\/\/schema.org","@graph":[{"@type":"WebPage","@id":"https:\/\/multi-monde.ca\/en\/multi-monde-production\/our-collaborators\/iphigenie-marcoux-fortier\/","url":"https:\/\/multi-monde.ca\/en\/multi-monde-production\/our-collaborators\/iphigenie-marcoux-fortier\/","name":"Iphig\u00e9nie Marcoux-Fortier - Multi-Monde EN","isPartOf":{"@id":"https:\/\/multi-monde.ca\/en\/#website"},"primaryImageOfPage":{"@id":"https:\/\/multi-monde.ca\/en\/multi-monde-production\/our-collaborators\/iphigenie-marcoux-fortier\/#primaryimage"},"image":{"@id":"https:\/\/multi-monde.ca\/en\/multi-monde-production\/our-collaborators\/iphigenie-marcoux-fortier\/#primaryimage"},"thumbnailUrl":"http:\/\/multi-monde.ca\/en\/wp-content\/uploads\/sites\/2\/2015\/07\/Iphi_mf-07208.jpg","datePublished":"2015-07-14T18:47:33+00:00","dateModified":"2015-07-20T16:39:56+00:00","breadcrumb":{"@id":"https:\/\/multi-monde.ca\/en\/multi-monde-production\/our-collaborators\/iphigenie-marcoux-fortier\/#breadcrumb"},"inLanguage":"en-US","potentialAction":[{"@type":"ReadAction","target":["https:\/\/multi-monde.ca\/en\/multi-monde-production\/our-collaborators\/iphigenie-marcoux-fortier\/"]}]},{"@type":"ImageObject","inLanguage":"en-US","@id":"https:\/\/multi-monde.ca\/en\/multi-monde-production\/our-collaborators\/iphigenie-marcoux-fortier\/#primaryimage","url":"http:\/\/multi-monde.ca\/en\/wp-content\/uploads\/sites\/2\/2015\/07\/Iphi_mf-07208.jpg","contentUrl":"http:\/\/multi-monde.ca\/en\/wp-content\/uploads\/sites\/2\/2015\/07\/Iphi_mf-07208.jpg"},{"@type":"BreadcrumbList","@id":"https:\/\/multi-monde.ca\/en\/multi-monde-production\/our-collaborators\/iphigenie-marcoux-fortier\/#breadcrumb","itemListElement":[{"@type":"ListItem","position":1,"name":"Accueil","item":"https:\/\/multi-monde.ca\/en\/"},{"@type":"ListItem","position":2,"name":"Productions Multi-Monde","item":"https:\/\/multi-monde.ca\/en\/multi-monde-production\/"},{"@type":"ListItem","position":3,"name":"Our collaborators","item":"https:\/\/multi-monde.ca\/en\/multi-monde-production\/our-collaborators\/"},{"@type":"ListItem","position":4,"name":"Iphig\u00e9nie Marcoux-Fortier"}]},{"@type":"WebSite","@id":"https:\/\/multi-monde.ca\/en\/#website","url":"https:\/\/multi-monde.ca\/en\/","name":"Multi-Monde EN","description":"Production \/ Distribution","potentialAction":[{"@type":"SearchAction","target":{"@type":"EntryPoint","urlTemplate":"https:\/\/multi-monde.ca\/en\/?s={search_term_string}"},"query-input":{"@type":"PropertyValueSpecification","valueRequired":true,"valueName":"search_term_string"}}],"inLanguage":"en-US"}]}},"_links":{"self":[{"href":"https:\/\/multi-monde.ca\/en\/wp-json\/wp\/v2\/pages\/621","targetHints":{"allow":["GET"]}}],"collection":[{"href":"https:\/\/multi-monde.ca\/en\/wp-json\/wp\/v2\/pages"}],"about":[{"href":"https:\/\/multi-monde.ca\/en\/wp-json\/wp\/v2\/types\/page"}],"author":[{"embeddable":true,"href":"https:\/\/multi-monde.ca\/en\/wp-json\/wp\/v2\/users\/1"}],"replies":[{"embeddable":true,"href":"https:\/\/multi-monde.ca\/en\/wp-json\/wp\/v2\/comments?post=621"}],"version-history":[{"count":4,"href":"https:\/\/multi-monde.ca\/en\/wp-json\/wp\/v2\/pages\/621\/revisions"}],"predecessor-version":[{"id":733,"href":"https:\/\/multi-monde.ca\/en\/wp-json\/wp\/v2\/pages\/621\/revisions\/733"}],"up":[{"embeddable":true,"href":"https:\/\/multi-monde.ca\/en\/wp-json\/wp\/v2\/pages\/10"}],"wp:attachment":[{"href":"https:\/\/multi-monde.ca\/en\/wp-json\/wp\/v2\/media?parent=621"}],"curies":[{"name":"wp","href":"https:\/\/api.w.org\/{rel}","templated":true}]}}