{"id":611,"date":"2015-07-14T14:33:39","date_gmt":"2015-07-14T18:33:39","guid":{"rendered":"http:\/\/multi-monde.ca\/en\/?page_id=611"},"modified":"2015-07-15T15:19:17","modified_gmt":"2015-07-15T19:19:17","slug":"eylem-kaftan","status":"publish","type":"page","link":"https:\/\/multi-monde.ca\/en\/multi-monde-production\/our-collaborators\/eylem-kaftan\/","title":{"rendered":"Eylem Kaftan"},"content":{"rendered":"<div id=\"attachment_608\" style=\"width: 160px\" class=\"wp-caption alignleft\"><a href=\"http:\/\/multi-monde.ca\/en\/wp-content\/uploads\/sites\/2\/2015\/05\/elem_k-209c2.jpg\"><img loading=\"lazy\" decoding=\"async\" aria-describedby=\"caption-attachment-608\" class=\"size-full wp-image-608\" src=\"http:\/\/multi-monde.ca\/en\/wp-content\/uploads\/sites\/2\/2015\/05\/elem_k-209c2.jpg\" alt=\"e kaftan\" width=\"150\" height=\"193\" srcset=\"https:\/\/multi-monde.ca\/en\/wp-content\/uploads\/sites\/2\/2015\/05\/elem_k-209c2.jpg 150w, https:\/\/multi-monde.ca\/en\/wp-content\/uploads\/sites\/2\/2015\/05\/elem_k-209c2-90x116.jpg 90w\" sizes=\"auto, (max-width: 150px) 100vw, 150px\" \/><\/a><p id=\"caption-attachment-608\" class=\"wp-caption-text\">Eylem Kaftan<\/p><\/div>\n<p><strong>Eylem Kaftan<\/strong> was born in Turkey. Eylem completed a Masters degree in Cinema at York University in 2002, where she worked as a teaching assistant and wrote her thesis on the identity crisis in post-1980 Turkish cinema.<\/p>\n<p>Her first documentary, <em>Faultlines<\/em>, investigates the aftermath of the earthquake which hit Turkey in 1999. It won Best Short Film and the Jury Prize at the Planet Indie Film Festival in Toronto.<\/p>\n<p>Eylem then wrote and directed <em>Vendetta Song<\/em> (2005) produced with DLI Productions in co-production with the National Film Board of Canada. This gripping hour long documentary about her personal journey into the honor-killing of her aunt in a small Kurdish village in Turkey was broadcast on Vision TV and T\u00e9l\u00e9-Qu\u00e9bec and has received several awards including CIDA Prize for Best Canadian Documentary on International Development at Hot Docs; the Quebec Film Critics Association Award for Best Medium Length Documentary; Best Documentary, Calgary International festival; and Best Documentary, Female Eye Film Festival.<\/p>\n<p>Eylem has contributed to several Canadian documentaries on social and political issues ranging from immigration and women\u2019s rights to mental illness and culture shock. Eylem is presently working on her new documentary on Kurdish youth.<\/p>\n","protected":false},"excerpt":{"rendered":"<p>Eylem Kaftan was born in Turkey. Eylem completed a Masters degree in Cinema at York University in 2002, where she worked as a teaching assistant and wrote her thesis on the identity crisis in post-1980 Turkish cinema. Her first documentary, &#8230; <a class=\"styledbutton\" href=\"https:\/\/multi-monde.ca\/en\/multi-monde-production\/our-collaborators\/eylem-kaftan\/\">Read More<\/a><\/p>\n","protected":false},"author":1,"featured_media":0,"parent":10,"menu_order":0,"comment_status":"closed","ping_status":"closed","template":"","meta":{"_acf_changed":false,"footnotes":""},"class_list":["post-611","page","type-page","status-publish","hentry"],"acf":[],"yoast_head":"<!-- This site is optimized with the Yoast SEO plugin v27.3 - https:\/\/yoast.com\/product\/yoast-seo-wordpress\/ -->\n<title>Eylem Kaftan - Multi-Monde EN<\/title>\n<meta name=\"robots\" content=\"index, follow, max-snippet:-1, max-image-preview:large, max-video-preview:-1\" \/>\n<link rel=\"canonical\" href=\"https:\/\/multi-monde.ca\/en\/multi-monde-production\/our-collaborators\/eylem-kaftan\/\" \/>\n<meta property=\"og:locale\" content=\"en_US\" \/>\n<meta property=\"og:type\" content=\"article\" \/>\n<meta property=\"og:title\" content=\"Eylem Kaftan - Multi-Monde EN\" \/>\n<meta property=\"og:description\" content=\"Eylem Kaftan was born in Turkey. Eylem completed a Masters degree in Cinema at York University in 2002, where she worked as a teaching assistant and wrote her thesis on the identity crisis in post-1980 Turkish cinema. Her first documentary, ... Read More\" \/>\n<meta property=\"og:url\" content=\"https:\/\/multi-monde.ca\/en\/multi-monde-production\/our-collaborators\/eylem-kaftan\/\" \/>\n<meta property=\"og:site_name\" content=\"Multi-Monde EN\" \/>\n<meta property=\"article:modified_time\" content=\"2015-07-15T19:19:17+00:00\" \/>\n<meta property=\"og:image\" content=\"http:\/\/multi-monde.ca\/en\/wp-content\/uploads\/sites\/2\/2015\/05\/elem_k-209c2.jpg\" \/>\n<meta name=\"twitter:card\" content=\"summary_large_image\" \/>\n<meta name=\"twitter:label1\" content=\"Est. reading time\" \/>\n\t<meta name=\"twitter:data1\" content=\"1 minute\" \/>\n<script type=\"application\/ld+json\" class=\"yoast-schema-graph\">{\"@context\":\"https:\\\/\\\/schema.org\",\"@graph\":[{\"@type\":\"WebPage\",\"@id\":\"https:\\\/\\\/multi-monde.ca\\\/en\\\/multi-monde-production\\\/our-collaborators\\\/eylem-kaftan\\\/\",\"url\":\"https:\\\/\\\/multi-monde.ca\\\/en\\\/multi-monde-production\\\/our-collaborators\\\/eylem-kaftan\\\/\",\"name\":\"Eylem Kaftan - Multi-Monde EN\",\"isPartOf\":{\"@id\":\"https:\\\/\\\/multi-monde.ca\\\/en\\\/#website\"},\"primaryImageOfPage\":{\"@id\":\"https:\\\/\\\/multi-monde.ca\\\/en\\\/multi-monde-production\\\/our-collaborators\\\/eylem-kaftan\\\/#primaryimage\"},\"image\":{\"@id\":\"https:\\\/\\\/multi-monde.ca\\\/en\\\/multi-monde-production\\\/our-collaborators\\\/eylem-kaftan\\\/#primaryimage\"},\"thumbnailUrl\":\"http:\\\/\\\/multi-monde.ca\\\/en\\\/wp-content\\\/uploads\\\/sites\\\/2\\\/2015\\\/05\\\/elem_k-209c2.jpg\",\"datePublished\":\"2015-07-14T18:33:39+00:00\",\"dateModified\":\"2015-07-15T19:19:17+00:00\",\"breadcrumb\":{\"@id\":\"https:\\\/\\\/multi-monde.ca\\\/en\\\/multi-monde-production\\\/our-collaborators\\\/eylem-kaftan\\\/#breadcrumb\"},\"inLanguage\":\"en-US\",\"potentialAction\":[{\"@type\":\"ReadAction\",\"target\":[\"https:\\\/\\\/multi-monde.ca\\\/en\\\/multi-monde-production\\\/our-collaborators\\\/eylem-kaftan\\\/\"]}]},{\"@type\":\"ImageObject\",\"inLanguage\":\"en-US\",\"@id\":\"https:\\\/\\\/multi-monde.ca\\\/en\\\/multi-monde-production\\\/our-collaborators\\\/eylem-kaftan\\\/#primaryimage\",\"url\":\"http:\\\/\\\/multi-monde.ca\\\/en\\\/wp-content\\\/uploads\\\/sites\\\/2\\\/2015\\\/05\\\/elem_k-209c2.jpg\",\"contentUrl\":\"http:\\\/\\\/multi-monde.ca\\\/en\\\/wp-content\\\/uploads\\\/sites\\\/2\\\/2015\\\/05\\\/elem_k-209c2.jpg\"},{\"@type\":\"BreadcrumbList\",\"@id\":\"https:\\\/\\\/multi-monde.ca\\\/en\\\/multi-monde-production\\\/our-collaborators\\\/eylem-kaftan\\\/#breadcrumb\",\"itemListElement\":[{\"@type\":\"ListItem\",\"position\":1,\"name\":\"Accueil\",\"item\":\"https:\\\/\\\/multi-monde.ca\\\/en\\\/\"},{\"@type\":\"ListItem\",\"position\":2,\"name\":\"Productions Multi-Monde\",\"item\":\"https:\\\/\\\/multi-monde.ca\\\/en\\\/multi-monde-production\\\/\"},{\"@type\":\"ListItem\",\"position\":3,\"name\":\"Our collaborators\",\"item\":\"https:\\\/\\\/multi-monde.ca\\\/en\\\/multi-monde-production\\\/our-collaborators\\\/\"},{\"@type\":\"ListItem\",\"position\":4,\"name\":\"Eylem Kaftan\"}]},{\"@type\":\"WebSite\",\"@id\":\"https:\\\/\\\/multi-monde.ca\\\/en\\\/#website\",\"url\":\"https:\\\/\\\/multi-monde.ca\\\/en\\\/\",\"name\":\"Multi-Monde EN\",\"description\":\"Production \\\/ Distribution\",\"potentialAction\":[{\"@type\":\"SearchAction\",\"target\":{\"@type\":\"EntryPoint\",\"urlTemplate\":\"https:\\\/\\\/multi-monde.ca\\\/en\\\/?s={search_term_string}\"},\"query-input\":{\"@type\":\"PropertyValueSpecification\",\"valueRequired\":true,\"valueName\":\"search_term_string\"}}],\"inLanguage\":\"en-US\"}]}<\/script>\n<!-- \/ Yoast SEO plugin. -->","yoast_head_json":{"title":"Eylem Kaftan - Multi-Monde EN","robots":{"index":"index","follow":"follow","max-snippet":"max-snippet:-1","max-image-preview":"max-image-preview:large","max-video-preview":"max-video-preview:-1"},"canonical":"https:\/\/multi-monde.ca\/en\/multi-monde-production\/our-collaborators\/eylem-kaftan\/","og_locale":"en_US","og_type":"article","og_title":"Eylem Kaftan - Multi-Monde EN","og_description":"Eylem Kaftan was born in Turkey. Eylem completed a Masters degree in Cinema at York University in 2002, where she worked as a teaching assistant and wrote her thesis on the identity crisis in post-1980 Turkish cinema. Her first documentary, ... Read More","og_url":"https:\/\/multi-monde.ca\/en\/multi-monde-production\/our-collaborators\/eylem-kaftan\/","og_site_name":"Multi-Monde EN","article_modified_time":"2015-07-15T19:19:17+00:00","og_image":[{"url":"http:\/\/multi-monde.ca\/en\/wp-content\/uploads\/sites\/2\/2015\/05\/elem_k-209c2.jpg","type":"","width":"","height":""}],"twitter_card":"summary_large_image","twitter_misc":{"Est. reading time":"1 minute"},"schema":{"@context":"https:\/\/schema.org","@graph":[{"@type":"WebPage","@id":"https:\/\/multi-monde.ca\/en\/multi-monde-production\/our-collaborators\/eylem-kaftan\/","url":"https:\/\/multi-monde.ca\/en\/multi-monde-production\/our-collaborators\/eylem-kaftan\/","name":"Eylem Kaftan - Multi-Monde EN","isPartOf":{"@id":"https:\/\/multi-monde.ca\/en\/#website"},"primaryImageOfPage":{"@id":"https:\/\/multi-monde.ca\/en\/multi-monde-production\/our-collaborators\/eylem-kaftan\/#primaryimage"},"image":{"@id":"https:\/\/multi-monde.ca\/en\/multi-monde-production\/our-collaborators\/eylem-kaftan\/#primaryimage"},"thumbnailUrl":"http:\/\/multi-monde.ca\/en\/wp-content\/uploads\/sites\/2\/2015\/05\/elem_k-209c2.jpg","datePublished":"2015-07-14T18:33:39+00:00","dateModified":"2015-07-15T19:19:17+00:00","breadcrumb":{"@id":"https:\/\/multi-monde.ca\/en\/multi-monde-production\/our-collaborators\/eylem-kaftan\/#breadcrumb"},"inLanguage":"en-US","potentialAction":[{"@type":"ReadAction","target":["https:\/\/multi-monde.ca\/en\/multi-monde-production\/our-collaborators\/eylem-kaftan\/"]}]},{"@type":"ImageObject","inLanguage":"en-US","@id":"https:\/\/multi-monde.ca\/en\/multi-monde-production\/our-collaborators\/eylem-kaftan\/#primaryimage","url":"http:\/\/multi-monde.ca\/en\/wp-content\/uploads\/sites\/2\/2015\/05\/elem_k-209c2.jpg","contentUrl":"http:\/\/multi-monde.ca\/en\/wp-content\/uploads\/sites\/2\/2015\/05\/elem_k-209c2.jpg"},{"@type":"BreadcrumbList","@id":"https:\/\/multi-monde.ca\/en\/multi-monde-production\/our-collaborators\/eylem-kaftan\/#breadcrumb","itemListElement":[{"@type":"ListItem","position":1,"name":"Accueil","item":"https:\/\/multi-monde.ca\/en\/"},{"@type":"ListItem","position":2,"name":"Productions Multi-Monde","item":"https:\/\/multi-monde.ca\/en\/multi-monde-production\/"},{"@type":"ListItem","position":3,"name":"Our collaborators","item":"https:\/\/multi-monde.ca\/en\/multi-monde-production\/our-collaborators\/"},{"@type":"ListItem","position":4,"name":"Eylem Kaftan"}]},{"@type":"WebSite","@id":"https:\/\/multi-monde.ca\/en\/#website","url":"https:\/\/multi-monde.ca\/en\/","name":"Multi-Monde EN","description":"Production \/ Distribution","potentialAction":[{"@type":"SearchAction","target":{"@type":"EntryPoint","urlTemplate":"https:\/\/multi-monde.ca\/en\/?s={search_term_string}"},"query-input":{"@type":"PropertyValueSpecification","valueRequired":true,"valueName":"search_term_string"}}],"inLanguage":"en-US"}]}},"_links":{"self":[{"href":"https:\/\/multi-monde.ca\/en\/wp-json\/wp\/v2\/pages\/611","targetHints":{"allow":["GET"]}}],"collection":[{"href":"https:\/\/multi-monde.ca\/en\/wp-json\/wp\/v2\/pages"}],"about":[{"href":"https:\/\/multi-monde.ca\/en\/wp-json\/wp\/v2\/types\/page"}],"author":[{"embeddable":true,"href":"https:\/\/multi-monde.ca\/en\/wp-json\/wp\/v2\/users\/1"}],"replies":[{"embeddable":true,"href":"https:\/\/multi-monde.ca\/en\/wp-json\/wp\/v2\/comments?post=611"}],"version-history":[{"count":1,"href":"https:\/\/multi-monde.ca\/en\/wp-json\/wp\/v2\/pages\/611\/revisions"}],"predecessor-version":[{"id":612,"href":"https:\/\/multi-monde.ca\/en\/wp-json\/wp\/v2\/pages\/611\/revisions\/612"}],"up":[{"embeddable":true,"href":"https:\/\/multi-monde.ca\/en\/wp-json\/wp\/v2\/pages\/10"}],"wp:attachment":[{"href":"https:\/\/multi-monde.ca\/en\/wp-json\/wp\/v2\/media?parent=611"}],"curies":[{"name":"wp","href":"https:\/\/api.w.org\/{rel}","templated":true}]}}