{"id":601,"date":"2015-07-14T13:39:16","date_gmt":"2015-07-14T17:39:16","guid":{"rendered":"http:\/\/multi-monde.ca\/en\/?page_id=601"},"modified":"2015-07-20T12:10:27","modified_gmt":"2015-07-20T16:10:27","slug":"michelle-smith","status":"publish","type":"page","link":"https:\/\/multi-monde.ca\/en\/multi-monde-production\/our-team\/michelle-smith\/","title":{"rendered":"Michelle Smith"},"content":{"rendered":"<p><a href=\"http:\/\/multi-monde.ca\/en\/wp-content\/uploads\/sites\/2\/2015\/07\/michelle_smith-6c535.jpg\"><img loading=\"lazy\" decoding=\"async\" class=\"alignleft size-full wp-image-602\" src=\"http:\/\/multi-monde.ca\/en\/wp-content\/uploads\/sites\/2\/2015\/07\/michelle_smith-6c535.jpg\" alt=\"michelle_smith-6c535\" width=\"150\" height=\"193\" srcset=\"https:\/\/multi-monde.ca\/en\/wp-content\/uploads\/sites\/2\/2015\/07\/michelle_smith-6c535.jpg 150w, https:\/\/multi-monde.ca\/en\/wp-content\/uploads\/sites\/2\/2015\/07\/michelle_smith-6c535-90x116.jpg 90w\" sizes=\"auto, (max-width: 150px) 100vw, 150px\" \/><\/a><strong>Michelle Smith<\/strong> has been a member of Productions Multi-Monde since 1997 as Producer, Director and Scriptwriter. She has also directed more than a dozen short films for the television series Culture Shock, Bizart and 109, for which she is also a journalist and producer. Michelle is particularily interested in issues dealing with youth, international solidarity and creative political expression.<\/p>\n<p><strong><br class=\"autobr\" \/>Filmography<\/strong><\/p>\n<p>2006-2007 : <i>109 (series)<\/i>, Director, Radio-Canada and RDI<br \/>\n<strong>\u2022 Canadian Association of Broadcasters \u2013 Gold Ribbon, 2006<\/strong><br \/>\n2006 : <i><a href=\"http:\/\/multi-monde.ca\/en\/make-money-salut-bonsoir\/\">Bledi, This is Our Home<\/a><\/i>, Executive Producer, T\u00e9l\u00e9-Qu\u00e9bec<br \/>\n2004 : <i><a href=\"http:\/\/multi-monde.ca\/en\/turbulent-waters\/\">Turbulent Waters<\/a>,<\/i> Co-director, Researcher, T\u00e9l\u00e9-Qu\u00e9bec and NFB<br \/>\n2003 : <i>Mother Tongue<\/i>, Researcher, Canadian Learning Television and SCN<br \/>\n2002 : <i>Bizart (series)<\/i>, Director, ARTV<br \/>\n2002 : <a href=\"http:\/\/multi-monde.ca\/en\/rebel-music-quebec\/\"><em>Rebel Music Qu\u00e9bec<\/em><\/a>, Director &#8211; second team, T\u00e9l\u00e9-Qu\u00e9bec<br \/>\n1998-2002 : Culture Shock\/Culture Choc (series), Director\/Video journalist, CBC, Radio-Canada<br \/>\n<strong>\u2022 Prix Galaxie \u2013 Best Cultural Program 1999, 2000, 2001<br \/>\n\u2022 Prix G\u00e9meau \u2013 Best Cultural Program 2001<\/strong><br \/>\n2000 : <i><a href=\"http:\/\/multi-monde.ca\/en\/a-time-of-love-and-war\/\">A Time of Love and War<\/a><\/i>, Producer, WTN<br \/>\n<strong>\u2022 Rhode Island International Film Festival &#8211; Best Documentary<\/strong><br \/>\n2000 : <i>\u00c9lections en coulisse,<\/i> Co-director, RDI<br \/>\n1999 : <i><a href=\"http:\/\/multi-monde.ca\/en\/when-strangers-re-unite-quand-les-etrangers-se-reunissent\/\">When Strangers Reunite<\/a>,<\/i> Producer, Vision TV, WTN, Knowledge Network, SCN, ONF<br \/>\n1999 : <i>Okanagan Dreams<\/i>, researcher, ONF<br \/>\n1997 : <i><a href=\"http:\/\/multi-monde.ca\/en\/modern-heroes-modern-slaves\/\">Modern Heroes, Modern Slaves<\/a>,<\/i> co-writer, Assistant Director, CBC<br \/>\n<strong>\u2022 Canadian Association of Journalists \u2013 Best Investigative Documentary<\/strong><br \/>\n1997 : <i><a href=\"http:\/\/multi-monde.ca\/en\/the-stray-dog\/\">The Stray Dog<\/a>,<\/i> producer<br \/>\n1997 : <i><a href=\"http:\/\/multi-monde.ca\/en\/the-beat-of-a-thousand-drums\/\">The Beat of a Thousand Drums<\/a><\/i>, director<br \/>\n1997 : <i><a href=\"http:\/\/multi-monde.ca\/en\/the-suit-war\/\">The Suit War<\/a><\/i>, production coordinator, CBC<\/p>\n","protected":false},"excerpt":{"rendered":"<p>Michelle Smith has been a member of Productions Multi-Monde since 1997 as Producer, Director and Scriptwriter. She has also directed more than a dozen short films for the television series Culture Shock, Bizart and 109, for which she is also &#8230; <a class=\"styledbutton\" href=\"https:\/\/multi-monde.ca\/en\/multi-monde-production\/our-team\/michelle-smith\/\">Read More<\/a><\/p>\n","protected":false},"author":1,"featured_media":0,"parent":6,"menu_order":0,"comment_status":"closed","ping_status":"closed","template":"","meta":{"_acf_changed":false,"footnotes":""},"class_list":["post-601","page","type-page","status-publish","hentry"],"acf":[],"yoast_head":"<!-- This site is optimized with the Yoast SEO plugin v27.3 - https:\/\/yoast.com\/product\/yoast-seo-wordpress\/ -->\n<title>Michelle Smith - Multi-Monde EN<\/title>\n<meta name=\"robots\" content=\"index, follow, max-snippet:-1, max-image-preview:large, max-video-preview:-1\" \/>\n<link rel=\"canonical\" href=\"https:\/\/multi-monde.ca\/en\/multi-monde-production\/our-team\/michelle-smith\/\" \/>\n<meta property=\"og:locale\" content=\"en_US\" \/>\n<meta property=\"og:type\" content=\"article\" \/>\n<meta property=\"og:title\" content=\"Michelle Smith - Multi-Monde EN\" \/>\n<meta property=\"og:description\" content=\"Michelle Smith has been a member of Productions Multi-Monde since 1997 as Producer, Director and Scriptwriter. She has also directed more than a dozen short films for the television series Culture Shock, Bizart and 109, for which she is also ... Read More\" \/>\n<meta property=\"og:url\" content=\"https:\/\/multi-monde.ca\/en\/multi-monde-production\/our-team\/michelle-smith\/\" \/>\n<meta property=\"og:site_name\" content=\"Multi-Monde EN\" \/>\n<meta property=\"article:modified_time\" content=\"2015-07-20T16:10:27+00:00\" \/>\n<meta property=\"og:image\" content=\"http:\/\/multi-monde.ca\/en\/wp-content\/uploads\/sites\/2\/2015\/07\/michelle_smith-6c535.jpg\" \/>\n<meta name=\"twitter:card\" content=\"summary_large_image\" \/>\n<meta name=\"twitter:label1\" content=\"Est. reading time\" \/>\n\t<meta name=\"twitter:data1\" content=\"1 minute\" \/>\n<script type=\"application\/ld+json\" class=\"yoast-schema-graph\">{\"@context\":\"https:\\\/\\\/schema.org\",\"@graph\":[{\"@type\":\"WebPage\",\"@id\":\"https:\\\/\\\/multi-monde.ca\\\/en\\\/multi-monde-production\\\/our-team\\\/michelle-smith\\\/\",\"url\":\"https:\\\/\\\/multi-monde.ca\\\/en\\\/multi-monde-production\\\/our-team\\\/michelle-smith\\\/\",\"name\":\"Michelle Smith - Multi-Monde EN\",\"isPartOf\":{\"@id\":\"https:\\\/\\\/multi-monde.ca\\\/en\\\/#website\"},\"primaryImageOfPage\":{\"@id\":\"https:\\\/\\\/multi-monde.ca\\\/en\\\/multi-monde-production\\\/our-team\\\/michelle-smith\\\/#primaryimage\"},\"image\":{\"@id\":\"https:\\\/\\\/multi-monde.ca\\\/en\\\/multi-monde-production\\\/our-team\\\/michelle-smith\\\/#primaryimage\"},\"thumbnailUrl\":\"http:\\\/\\\/multi-monde.ca\\\/en\\\/wp-content\\\/uploads\\\/sites\\\/2\\\/2015\\\/07\\\/michelle_smith-6c535.jpg\",\"datePublished\":\"2015-07-14T17:39:16+00:00\",\"dateModified\":\"2015-07-20T16:10:27+00:00\",\"breadcrumb\":{\"@id\":\"https:\\\/\\\/multi-monde.ca\\\/en\\\/multi-monde-production\\\/our-team\\\/michelle-smith\\\/#breadcrumb\"},\"inLanguage\":\"en-US\",\"potentialAction\":[{\"@type\":\"ReadAction\",\"target\":[\"https:\\\/\\\/multi-monde.ca\\\/en\\\/multi-monde-production\\\/our-team\\\/michelle-smith\\\/\"]}]},{\"@type\":\"ImageObject\",\"inLanguage\":\"en-US\",\"@id\":\"https:\\\/\\\/multi-monde.ca\\\/en\\\/multi-monde-production\\\/our-team\\\/michelle-smith\\\/#primaryimage\",\"url\":\"http:\\\/\\\/multi-monde.ca\\\/en\\\/wp-content\\\/uploads\\\/sites\\\/2\\\/2015\\\/07\\\/michelle_smith-6c535.jpg\",\"contentUrl\":\"http:\\\/\\\/multi-monde.ca\\\/en\\\/wp-content\\\/uploads\\\/sites\\\/2\\\/2015\\\/07\\\/michelle_smith-6c535.jpg\"},{\"@type\":\"BreadcrumbList\",\"@id\":\"https:\\\/\\\/multi-monde.ca\\\/en\\\/multi-monde-production\\\/our-team\\\/michelle-smith\\\/#breadcrumb\",\"itemListElement\":[{\"@type\":\"ListItem\",\"position\":1,\"name\":\"Accueil\",\"item\":\"https:\\\/\\\/multi-monde.ca\\\/en\\\/\"},{\"@type\":\"ListItem\",\"position\":2,\"name\":\"Productions Multi-Monde\",\"item\":\"https:\\\/\\\/multi-monde.ca\\\/en\\\/multi-monde-production\\\/\"},{\"@type\":\"ListItem\",\"position\":3,\"name\":\"Our production team\",\"item\":\"https:\\\/\\\/multi-monde.ca\\\/en\\\/multi-monde-production\\\/our-team\\\/\"},{\"@type\":\"ListItem\",\"position\":4,\"name\":\"Michelle Smith\"}]},{\"@type\":\"WebSite\",\"@id\":\"https:\\\/\\\/multi-monde.ca\\\/en\\\/#website\",\"url\":\"https:\\\/\\\/multi-monde.ca\\\/en\\\/\",\"name\":\"Multi-Monde EN\",\"description\":\"Production \\\/ Distribution\",\"potentialAction\":[{\"@type\":\"SearchAction\",\"target\":{\"@type\":\"EntryPoint\",\"urlTemplate\":\"https:\\\/\\\/multi-monde.ca\\\/en\\\/?s={search_term_string}\"},\"query-input\":{\"@type\":\"PropertyValueSpecification\",\"valueRequired\":true,\"valueName\":\"search_term_string\"}}],\"inLanguage\":\"en-US\"}]}<\/script>\n<!-- \/ Yoast SEO plugin. -->","yoast_head_json":{"title":"Michelle Smith - Multi-Monde EN","robots":{"index":"index","follow":"follow","max-snippet":"max-snippet:-1","max-image-preview":"max-image-preview:large","max-video-preview":"max-video-preview:-1"},"canonical":"https:\/\/multi-monde.ca\/en\/multi-monde-production\/our-team\/michelle-smith\/","og_locale":"en_US","og_type":"article","og_title":"Michelle Smith - Multi-Monde EN","og_description":"Michelle Smith has been a member of Productions Multi-Monde since 1997 as Producer, Director and Scriptwriter. She has also directed more than a dozen short films for the television series Culture Shock, Bizart and 109, for which she is also ... Read More","og_url":"https:\/\/multi-monde.ca\/en\/multi-monde-production\/our-team\/michelle-smith\/","og_site_name":"Multi-Monde EN","article_modified_time":"2015-07-20T16:10:27+00:00","og_image":[{"url":"http:\/\/multi-monde.ca\/en\/wp-content\/uploads\/sites\/2\/2015\/07\/michelle_smith-6c535.jpg","type":"","width":"","height":""}],"twitter_card":"summary_large_image","twitter_misc":{"Est. reading time":"1 minute"},"schema":{"@context":"https:\/\/schema.org","@graph":[{"@type":"WebPage","@id":"https:\/\/multi-monde.ca\/en\/multi-monde-production\/our-team\/michelle-smith\/","url":"https:\/\/multi-monde.ca\/en\/multi-monde-production\/our-team\/michelle-smith\/","name":"Michelle Smith - Multi-Monde EN","isPartOf":{"@id":"https:\/\/multi-monde.ca\/en\/#website"},"primaryImageOfPage":{"@id":"https:\/\/multi-monde.ca\/en\/multi-monde-production\/our-team\/michelle-smith\/#primaryimage"},"image":{"@id":"https:\/\/multi-monde.ca\/en\/multi-monde-production\/our-team\/michelle-smith\/#primaryimage"},"thumbnailUrl":"http:\/\/multi-monde.ca\/en\/wp-content\/uploads\/sites\/2\/2015\/07\/michelle_smith-6c535.jpg","datePublished":"2015-07-14T17:39:16+00:00","dateModified":"2015-07-20T16:10:27+00:00","breadcrumb":{"@id":"https:\/\/multi-monde.ca\/en\/multi-monde-production\/our-team\/michelle-smith\/#breadcrumb"},"inLanguage":"en-US","potentialAction":[{"@type":"ReadAction","target":["https:\/\/multi-monde.ca\/en\/multi-monde-production\/our-team\/michelle-smith\/"]}]},{"@type":"ImageObject","inLanguage":"en-US","@id":"https:\/\/multi-monde.ca\/en\/multi-monde-production\/our-team\/michelle-smith\/#primaryimage","url":"http:\/\/multi-monde.ca\/en\/wp-content\/uploads\/sites\/2\/2015\/07\/michelle_smith-6c535.jpg","contentUrl":"http:\/\/multi-monde.ca\/en\/wp-content\/uploads\/sites\/2\/2015\/07\/michelle_smith-6c535.jpg"},{"@type":"BreadcrumbList","@id":"https:\/\/multi-monde.ca\/en\/multi-monde-production\/our-team\/michelle-smith\/#breadcrumb","itemListElement":[{"@type":"ListItem","position":1,"name":"Accueil","item":"https:\/\/multi-monde.ca\/en\/"},{"@type":"ListItem","position":2,"name":"Productions Multi-Monde","item":"https:\/\/multi-monde.ca\/en\/multi-monde-production\/"},{"@type":"ListItem","position":3,"name":"Our production team","item":"https:\/\/multi-monde.ca\/en\/multi-monde-production\/our-team\/"},{"@type":"ListItem","position":4,"name":"Michelle Smith"}]},{"@type":"WebSite","@id":"https:\/\/multi-monde.ca\/en\/#website","url":"https:\/\/multi-monde.ca\/en\/","name":"Multi-Monde EN","description":"Production \/ Distribution","potentialAction":[{"@type":"SearchAction","target":{"@type":"EntryPoint","urlTemplate":"https:\/\/multi-monde.ca\/en\/?s={search_term_string}"},"query-input":{"@type":"PropertyValueSpecification","valueRequired":true,"valueName":"search_term_string"}}],"inLanguage":"en-US"}]}},"_links":{"self":[{"href":"https:\/\/multi-monde.ca\/en\/wp-json\/wp\/v2\/pages\/601","targetHints":{"allow":["GET"]}}],"collection":[{"href":"https:\/\/multi-monde.ca\/en\/wp-json\/wp\/v2\/pages"}],"about":[{"href":"https:\/\/multi-monde.ca\/en\/wp-json\/wp\/v2\/types\/page"}],"author":[{"embeddable":true,"href":"https:\/\/multi-monde.ca\/en\/wp-json\/wp\/v2\/users\/1"}],"replies":[{"embeddable":true,"href":"https:\/\/multi-monde.ca\/en\/wp-json\/wp\/v2\/comments?post=601"}],"version-history":[{"count":6,"href":"https:\/\/multi-monde.ca\/en\/wp-json\/wp\/v2\/pages\/601\/revisions"}],"predecessor-version":[{"id":730,"href":"https:\/\/multi-monde.ca\/en\/wp-json\/wp\/v2\/pages\/601\/revisions\/730"}],"up":[{"embeddable":true,"href":"https:\/\/multi-monde.ca\/en\/wp-json\/wp\/v2\/pages\/6"}],"wp:attachment":[{"href":"https:\/\/multi-monde.ca\/en\/wp-json\/wp\/v2\/media?parent=601"}],"curies":[{"name":"wp","href":"https:\/\/api.w.org\/{rel}","templated":true}]}}