{"id":6,"date":"2015-05-14T17:12:38","date_gmt":"2015-05-14T21:12:38","guid":{"rendered":"http:\/\/multi-monde.ca\/en\/?page_id=6"},"modified":"2025-04-18T22:47:45","modified_gmt":"2025-04-19T02:47:45","slug":"our-team","status":"publish","type":"page","link":"https:\/\/multi-monde.ca\/en\/multi-monde-production\/our-team\/","title":{"rendered":"Our production team"},"content":{"rendered":"<p>The word &#8220;team&#8221; takes on its full significance at Productions Multi-Monde, where we have a collective approach in all our efforts. Various collaborators join our core team according to the nature of the productions at hand.<\/p>\n<p style=\"text-align: justify;\"><a href=\"http:\/\/multi-monde.ca\/en\/multi-monde-production\/our-team\/lucie-pageau-2\/\"><img loading=\"lazy\" decoding=\"async\" class=\" size-thumbnail wp-image-592 alignleft\" src=\"http:\/\/multi-monde.ca\/en\/wp-content\/uploads\/sites\/2\/2015\/07\/lucie-150x150.png\" alt=\"l pageau\" width=\"150\" height=\"150\" srcset=\"https:\/\/multi-monde.ca\/en\/wp-content\/uploads\/sites\/2\/2015\/07\/lucie-150x150.png 150w, https:\/\/multi-monde.ca\/en\/wp-content\/uploads\/sites\/2\/2015\/07\/lucie-220x218.png 220w, https:\/\/multi-monde.ca\/en\/wp-content\/uploads\/sites\/2\/2015\/07\/lucie-90x89.png 90w, https:\/\/multi-monde.ca\/en\/wp-content\/uploads\/sites\/2\/2015\/07\/lucie-45x45.png 45w, https:\/\/multi-monde.ca\/en\/wp-content\/uploads\/sites\/2\/2015\/07\/lucie.png 254w\" sizes=\"auto, (max-width: 150px) 100vw, 150px\" \/><\/a><strong><a href=\"http:\/\/multi-monde.ca\/en\/multi-monde-production\/our-team\/lucie-pageau-2\/\">Lucie Pageau<\/a><\/strong>,<strong>\u00a0<\/strong>Producer and Director of documentary and fiction films and Vice-President of Productions Multi-Monde since 1991. Having studied Film and Communications, Lucie began her career making educational videos and coordinating training sessions for women\u2019s and community groups. Now with over 20 film productions to her credit (&#8230;) <a href=\"http:\/\/multi-monde.ca\/en\/multi-monde-production\/our-team\/lucie-pageau-2\/\">See more<\/a><\/p>\n<p>&nbsp;<\/p>\n<p style=\"text-align: justify;\"><a href=\"http:\/\/multi-monde.ca\/en\/multi-monde-production\/our-team\/malcolm-guy\/\"><img loading=\"lazy\" decoding=\"async\" class=\" size-thumbnail wp-image-549 alignleft\" src=\"http:\/\/multi-monde.ca\/en\/wp-content\/uploads\/sites\/2\/2015\/05\/malcolm-150x150.png\" alt=\"\" width=\"150\" height=\"150\" srcset=\"https:\/\/multi-monde.ca\/en\/wp-content\/uploads\/sites\/2\/2015\/05\/malcolm-150x150.png 150w, https:\/\/multi-monde.ca\/en\/wp-content\/uploads\/sites\/2\/2015\/05\/malcolm-220x218.png 220w, https:\/\/multi-monde.ca\/en\/wp-content\/uploads\/sites\/2\/2015\/05\/malcolm-90x89.png 90w, https:\/\/multi-monde.ca\/en\/wp-content\/uploads\/sites\/2\/2015\/05\/malcolm-45x45.png 45w, https:\/\/multi-monde.ca\/en\/wp-content\/uploads\/sites\/2\/2015\/05\/malcolm.png 254w\" sizes=\"auto, (max-width: 150px) 100vw, 150px\" \/><\/a><strong><a href=\"http:\/\/multi-monde.ca\/en\/multi-monde-production\/our-team\/malcolm-guy\/\">Malcolm Guy<\/a><\/strong>\u00a0is a director and producer of documentary and fiction films, President and co-founder of Productions Multi-Monde. Malcolm is active in immigrant rights organisations and in the independent film community. He contributed to establishing the international film fest\u00a0Rencontres International du Documentaire de Montr\u00e9al (RIDM), the Observatoire du Documentaire, the distribution (&#8230;) <a href=\"http:\/\/multi-monde.ca\/en\/multi-monde-production\/our-team\/malcolm-guy\/\">See more<\/a><\/p>\n<p style=\"text-align: justify;\"><strong><br \/>\n<a href=\"http:\/\/multi-monde.ca\/en\/multi-monde-production\/our-team\/marlene-edoyan\/\"><img loading=\"lazy\" decoding=\"async\" class=\" size-thumbnail wp-image-594 alignleft\" src=\"http:\/\/multi-monde.ca\/en\/wp-content\/uploads\/sites\/2\/2015\/07\/marlene-150x150.png\" alt=\"m edoyan\" width=\"150\" height=\"150\" srcset=\"https:\/\/multi-monde.ca\/en\/wp-content\/uploads\/sites\/2\/2015\/07\/marlene-150x150.png 150w, https:\/\/multi-monde.ca\/en\/wp-content\/uploads\/sites\/2\/2015\/07\/marlene-220x218.png 220w, https:\/\/multi-monde.ca\/en\/wp-content\/uploads\/sites\/2\/2015\/07\/marlene-90x89.png 90w, https:\/\/multi-monde.ca\/en\/wp-content\/uploads\/sites\/2\/2015\/07\/marlene-45x45.png 45w, https:\/\/multi-monde.ca\/en\/wp-content\/uploads\/sites\/2\/2015\/07\/marlene.png 254w\" sizes=\"auto, (max-width: 150px) 100vw, 150px\" \/><\/a><a href=\"http:\/\/multi-monde.ca\/en\/multi-monde-production\/our-team\/marlene-edoyan\/\">Marlene Edoyan<\/a><\/strong> is a Montreal-based documentary filmmaker and producer. With a keen interest in social, cultural and political issues, Marlene joined Productions Multi-Monde in 2008. She produced\u00a0<i>Je serai l\u00e0<\/i>\u00a0(2010), and is associate producer for\u00a0<i>Chants de la d\u00e9termiNATION<\/i>\u00a0(2009 -APTN),\u00a0<i>Tibet: terre des braves<\/i>(2011 -TV5),\u00a0<i>La Grande Invasion<\/i>\u00a0(2012 -T\u00e9l\u00e9-Qu\u00e9bec)\u00a0(&#8230;) <a href=\"http:\/\/multi-monde.ca\/en\/multi-monde-production\/our-team\/marlene-edoyan\/\">See more<\/a><\/p>\n<p style=\"text-align: justify;\"><strong><a href=\"http:\/\/multi-monde.ca\/en\/wp-content\/uploads\/sites\/2\/2015\/05\/marie-e1438617281738.png\">\u00a0<\/a><\/strong><\/p>\n<p style=\"text-align: justify;\"><a href=\"http:\/\/multi-monde.ca\/en\/multi-monde-production\/our-team\/marie-boti-2\/\"><img loading=\"lazy\" decoding=\"async\" class=\"size-thumbnail wp-image-538 alignleft\" src=\"http:\/\/multi-monde.ca\/en\/wp-content\/uploads\/sites\/2\/2015\/05\/marie-e1438617281738-150x150.png\" alt=\"\" width=\"150\" height=\"150\" srcset=\"https:\/\/multi-monde.ca\/en\/wp-content\/uploads\/sites\/2\/2015\/05\/marie-e1438617281738-150x150.png 150w, https:\/\/multi-monde.ca\/en\/wp-content\/uploads\/sites\/2\/2015\/05\/marie-e1438617281738-220x220.png 220w, https:\/\/multi-monde.ca\/en\/wp-content\/uploads\/sites\/2\/2015\/05\/marie-e1438617281738-90x90.png 90w, https:\/\/multi-monde.ca\/en\/wp-content\/uploads\/sites\/2\/2015\/05\/marie-e1438617281738-45x45.png 45w, https:\/\/multi-monde.ca\/en\/wp-content\/uploads\/sites\/2\/2015\/05\/marie-e1438617281738.png 226w\" sizes=\"auto, (max-width: 150px) 100vw, 150px\" \/><\/a><strong><a href=\"http:\/\/multi-monde.ca\/en\/multi-monde-production\/our-team\/marie-boti-2\/\">Marie Boti<\/a><\/strong>\u00a0is a co-founder of Productions Multi-Monde with Malcolm Guy. She has been making documentaries since 1987, sharing the lives and struggles of the people and communities she films with. These close relationships are perceptible in her work. Marie creates documentaries that deal with social and political issues at home and abroad, particularly the Philippines. She is a long standing member of (\u2026)\u00a0<a href=\"http:\/\/multi-monde.ca\/en\/multi-monde-production\/our-team\/marie-boti-2\/\">See \u00a0more<\/a><\/p>\n<p>&nbsp;<\/p>\n<p><span style=\"text-decoration: underline;\"><strong><img loading=\"lazy\" decoding=\"async\" class=\"wp-image-918 alignleft\" src=\"http:\/\/multi-monde.ca\/en\/wp-content\/uploads\/sites\/2\/2015\/05\/Melissa-150x150.png\" alt=\"Melissa\" width=\"150\" height=\"150\" srcset=\"https:\/\/multi-monde.ca\/en\/wp-content\/uploads\/sites\/2\/2015\/05\/Melissa-150x150.png 150w, https:\/\/multi-monde.ca\/en\/wp-content\/uploads\/sites\/2\/2015\/05\/Melissa-300x300.png 300w, https:\/\/multi-monde.ca\/en\/wp-content\/uploads\/sites\/2\/2015\/05\/Melissa-220x220.png 220w, https:\/\/multi-monde.ca\/en\/wp-content\/uploads\/sites\/2\/2015\/05\/Melissa-90x90.png 90w, https:\/\/multi-monde.ca\/en\/wp-content\/uploads\/sites\/2\/2015\/05\/Melissa-45x45.png 45w, https:\/\/multi-monde.ca\/en\/wp-content\/uploads\/sites\/2\/2015\/05\/Melissa.png 500w\" sizes=\"auto, (max-width: 150px) 100vw, 150px\" \/>Mellissa Fr\u00e9d\u00e9rique<\/strong><\/span> works as an assistant director and production coordinator at Multi-Monde. She studies Film\u00a0at Concordia University and is interested in documentaries and International Cinema. When she is not working at the office or on campus, she is a soccer coach for kids.<\/p>\n","protected":false},"excerpt":{"rendered":"<p>The word &#8220;team&#8221; takes on its full significance at Productions Multi-Monde, where we have a collective approach in all our efforts. Various collaborators join our core team according to the nature of the productions at hand. Lucie Pageau,\u00a0Producer and Director &#8230; <a class=\"styledbutton\" href=\"https:\/\/multi-monde.ca\/en\/multi-monde-production\/our-team\/\">Read More<\/a><\/p>\n","protected":false},"author":1,"featured_media":0,"parent":2,"menu_order":1,"comment_status":"open","ping_status":"open","template":"","meta":{"_acf_changed":false,"footnotes":""},"class_list":["post-6","page","type-page","status-publish","hentry"],"acf":[],"yoast_head":"<!-- This site is optimized with the Yoast SEO plugin v27.3 - https:\/\/yoast.com\/product\/yoast-seo-wordpress\/ -->\n<title>Our production team - Multi-Monde EN<\/title>\n<meta name=\"robots\" content=\"index, follow, max-snippet:-1, max-image-preview:large, max-video-preview:-1\" \/>\n<link rel=\"canonical\" href=\"https:\/\/multi-monde.ca\/en\/multi-monde-production\/our-team\/\" \/>\n<meta property=\"og:locale\" content=\"en_US\" \/>\n<meta property=\"og:type\" content=\"article\" \/>\n<meta property=\"og:title\" content=\"Our production team - Multi-Monde EN\" \/>\n<meta property=\"og:description\" content=\"The word &#8220;team&#8221; takes on its full significance at Productions Multi-Monde, where we have a collective approach in all our efforts. Various collaborators join our core team according to the nature of the productions at hand. Lucie Pageau,\u00a0Producer and Director ... Read More\" \/>\n<meta property=\"og:url\" content=\"https:\/\/multi-monde.ca\/en\/multi-monde-production\/our-team\/\" \/>\n<meta property=\"og:site_name\" content=\"Multi-Monde EN\" \/>\n<meta property=\"article:modified_time\" content=\"2025-04-19T02:47:45+00:00\" \/>\n<meta property=\"og:image\" content=\"https:\/\/multi-monde.ca\/en\/wp-content\/uploads\/sites\/2\/2015\/07\/lucie.png\" \/>\n\t<meta property=\"og:image:width\" content=\"254\" \/>\n\t<meta property=\"og:image:height\" content=\"252\" \/>\n\t<meta property=\"og:image:type\" content=\"image\/png\" \/>\n<meta name=\"twitter:card\" content=\"summary_large_image\" \/>\n<meta name=\"twitter:label1\" content=\"Est. reading time\" \/>\n\t<meta name=\"twitter:data1\" content=\"3 minutes\" \/>\n<script type=\"application\/ld+json\" class=\"yoast-schema-graph\">{\"@context\":\"https:\\\/\\\/schema.org\",\"@graph\":[{\"@type\":\"WebPage\",\"@id\":\"https:\\\/\\\/multi-monde.ca\\\/en\\\/multi-monde-production\\\/our-team\\\/\",\"url\":\"https:\\\/\\\/multi-monde.ca\\\/en\\\/multi-monde-production\\\/our-team\\\/\",\"name\":\"Our production team - Multi-Monde EN\",\"isPartOf\":{\"@id\":\"https:\\\/\\\/multi-monde.ca\\\/en\\\/#website\"},\"primaryImageOfPage\":{\"@id\":\"https:\\\/\\\/multi-monde.ca\\\/en\\\/multi-monde-production\\\/our-team\\\/#primaryimage\"},\"image\":{\"@id\":\"https:\\\/\\\/multi-monde.ca\\\/en\\\/multi-monde-production\\\/our-team\\\/#primaryimage\"},\"thumbnailUrl\":\"http:\\\/\\\/multi-monde.ca\\\/en\\\/wp-content\\\/uploads\\\/sites\\\/2\\\/2015\\\/07\\\/lucie-150x150.png\",\"datePublished\":\"2015-05-14T21:12:38+00:00\",\"dateModified\":\"2025-04-19T02:47:45+00:00\",\"breadcrumb\":{\"@id\":\"https:\\\/\\\/multi-monde.ca\\\/en\\\/multi-monde-production\\\/our-team\\\/#breadcrumb\"},\"inLanguage\":\"en-US\",\"potentialAction\":[{\"@type\":\"ReadAction\",\"target\":[\"https:\\\/\\\/multi-monde.ca\\\/en\\\/multi-monde-production\\\/our-team\\\/\"]}]},{\"@type\":\"ImageObject\",\"inLanguage\":\"en-US\",\"@id\":\"https:\\\/\\\/multi-monde.ca\\\/en\\\/multi-monde-production\\\/our-team\\\/#primaryimage\",\"url\":\"http:\\\/\\\/multi-monde.ca\\\/en\\\/wp-content\\\/uploads\\\/sites\\\/2\\\/2015\\\/07\\\/lucie-150x150.png\",\"contentUrl\":\"http:\\\/\\\/multi-monde.ca\\\/en\\\/wp-content\\\/uploads\\\/sites\\\/2\\\/2015\\\/07\\\/lucie-150x150.png\"},{\"@type\":\"BreadcrumbList\",\"@id\":\"https:\\\/\\\/multi-monde.ca\\\/en\\\/multi-monde-production\\\/our-team\\\/#breadcrumb\",\"itemListElement\":[{\"@type\":\"ListItem\",\"position\":1,\"name\":\"Accueil\",\"item\":\"https:\\\/\\\/multi-monde.ca\\\/en\\\/\"},{\"@type\":\"ListItem\",\"position\":2,\"name\":\"Productions Multi-Monde\",\"item\":\"https:\\\/\\\/multi-monde.ca\\\/en\\\/multi-monde-production\\\/\"},{\"@type\":\"ListItem\",\"position\":3,\"name\":\"Our production team\"}]},{\"@type\":\"WebSite\",\"@id\":\"https:\\\/\\\/multi-monde.ca\\\/en\\\/#website\",\"url\":\"https:\\\/\\\/multi-monde.ca\\\/en\\\/\",\"name\":\"Multi-Monde EN\",\"description\":\"Production \\\/ Distribution\",\"potentialAction\":[{\"@type\":\"SearchAction\",\"target\":{\"@type\":\"EntryPoint\",\"urlTemplate\":\"https:\\\/\\\/multi-monde.ca\\\/en\\\/?s={search_term_string}\"},\"query-input\":{\"@type\":\"PropertyValueSpecification\",\"valueRequired\":true,\"valueName\":\"search_term_string\"}}],\"inLanguage\":\"en-US\"}]}<\/script>\n<!-- \/ Yoast SEO plugin. -->","yoast_head_json":{"title":"Our production team - Multi-Monde EN","robots":{"index":"index","follow":"follow","max-snippet":"max-snippet:-1","max-image-preview":"max-image-preview:large","max-video-preview":"max-video-preview:-1"},"canonical":"https:\/\/multi-monde.ca\/en\/multi-monde-production\/our-team\/","og_locale":"en_US","og_type":"article","og_title":"Our production team - Multi-Monde EN","og_description":"The word &#8220;team&#8221; takes on its full significance at Productions Multi-Monde, where we have a collective approach in all our efforts. Various collaborators join our core team according to the nature of the productions at hand. Lucie Pageau,\u00a0Producer and Director ... Read More","og_url":"https:\/\/multi-monde.ca\/en\/multi-monde-production\/our-team\/","og_site_name":"Multi-Monde EN","article_modified_time":"2025-04-19T02:47:45+00:00","og_image":[{"width":254,"height":252,"url":"https:\/\/multi-monde.ca\/en\/wp-content\/uploads\/sites\/2\/2015\/07\/lucie.png","type":"image\/png"}],"twitter_card":"summary_large_image","twitter_misc":{"Est. reading time":"3 minutes"},"schema":{"@context":"https:\/\/schema.org","@graph":[{"@type":"WebPage","@id":"https:\/\/multi-monde.ca\/en\/multi-monde-production\/our-team\/","url":"https:\/\/multi-monde.ca\/en\/multi-monde-production\/our-team\/","name":"Our production team - Multi-Monde EN","isPartOf":{"@id":"https:\/\/multi-monde.ca\/en\/#website"},"primaryImageOfPage":{"@id":"https:\/\/multi-monde.ca\/en\/multi-monde-production\/our-team\/#primaryimage"},"image":{"@id":"https:\/\/multi-monde.ca\/en\/multi-monde-production\/our-team\/#primaryimage"},"thumbnailUrl":"http:\/\/multi-monde.ca\/en\/wp-content\/uploads\/sites\/2\/2015\/07\/lucie-150x150.png","datePublished":"2015-05-14T21:12:38+00:00","dateModified":"2025-04-19T02:47:45+00:00","breadcrumb":{"@id":"https:\/\/multi-monde.ca\/en\/multi-monde-production\/our-team\/#breadcrumb"},"inLanguage":"en-US","potentialAction":[{"@type":"ReadAction","target":["https:\/\/multi-monde.ca\/en\/multi-monde-production\/our-team\/"]}]},{"@type":"ImageObject","inLanguage":"en-US","@id":"https:\/\/multi-monde.ca\/en\/multi-monde-production\/our-team\/#primaryimage","url":"http:\/\/multi-monde.ca\/en\/wp-content\/uploads\/sites\/2\/2015\/07\/lucie-150x150.png","contentUrl":"http:\/\/multi-monde.ca\/en\/wp-content\/uploads\/sites\/2\/2015\/07\/lucie-150x150.png"},{"@type":"BreadcrumbList","@id":"https:\/\/multi-monde.ca\/en\/multi-monde-production\/our-team\/#breadcrumb","itemListElement":[{"@type":"ListItem","position":1,"name":"Accueil","item":"https:\/\/multi-monde.ca\/en\/"},{"@type":"ListItem","position":2,"name":"Productions Multi-Monde","item":"https:\/\/multi-monde.ca\/en\/multi-monde-production\/"},{"@type":"ListItem","position":3,"name":"Our production team"}]},{"@type":"WebSite","@id":"https:\/\/multi-monde.ca\/en\/#website","url":"https:\/\/multi-monde.ca\/en\/","name":"Multi-Monde EN","description":"Production \/ Distribution","potentialAction":[{"@type":"SearchAction","target":{"@type":"EntryPoint","urlTemplate":"https:\/\/multi-monde.ca\/en\/?s={search_term_string}"},"query-input":{"@type":"PropertyValueSpecification","valueRequired":true,"valueName":"search_term_string"}}],"inLanguage":"en-US"}]}},"_links":{"self":[{"href":"https:\/\/multi-monde.ca\/en\/wp-json\/wp\/v2\/pages\/6","targetHints":{"allow":["GET"]}}],"collection":[{"href":"https:\/\/multi-monde.ca\/en\/wp-json\/wp\/v2\/pages"}],"about":[{"href":"https:\/\/multi-monde.ca\/en\/wp-json\/wp\/v2\/types\/page"}],"author":[{"embeddable":true,"href":"https:\/\/multi-monde.ca\/en\/wp-json\/wp\/v2\/users\/1"}],"replies":[{"embeddable":true,"href":"https:\/\/multi-monde.ca\/en\/wp-json\/wp\/v2\/comments?post=6"}],"version-history":[{"count":55,"href":"https:\/\/multi-monde.ca\/en\/wp-json\/wp\/v2\/pages\/6\/revisions"}],"predecessor-version":[{"id":2614,"href":"https:\/\/multi-monde.ca\/en\/wp-json\/wp\/v2\/pages\/6\/revisions\/2614"}],"up":[{"embeddable":true,"href":"https:\/\/multi-monde.ca\/en\/wp-json\/wp\/v2\/pages\/2"}],"wp:attachment":[{"href":"https:\/\/multi-monde.ca\/en\/wp-json\/wp\/v2\/media?parent=6"}],"curies":[{"name":"wp","href":"https:\/\/api.w.org\/{rel}","templated":true}]}}