{"id":583,"date":"2015-07-14T12:56:11","date_gmt":"2015-07-14T16:56:11","guid":{"rendered":"http:\/\/multi-monde.ca\/en\/?page_id=583"},"modified":"2015-07-15T22:43:18","modified_gmt":"2015-07-16T02:43:18","slug":"marie-boti-2","status":"publish","type":"page","link":"https:\/\/multi-monde.ca\/en\/multi-monde-production\/our-team\/marie-boti-2\/","title":{"rendered":"Marie Boti"},"content":{"rendered":"<p class=\"mgs_titre\"><a href=\"http:\/\/multi-monde.ca\/en\/wp-content\/uploads\/sites\/2\/2015\/05\/marie.png\"><img loading=\"lazy\" decoding=\"async\" class=\" size-thumbnail wp-image-538 alignleft\" src=\"http:\/\/multi-monde.ca\/en\/wp-content\/uploads\/sites\/2\/2015\/05\/marie-150x150.png\" alt=\"marie\" width=\"150\" height=\"150\" \/><\/a><strong>Marie Boti<\/strong> is a co-founder of Productions Multi-Monde with Malcolm Guy. She has been making documentaries since 1987, sharing the lives and struggles of the people and communities she films with. These close relationships are perceptible in her work. Marie creates documentaries that deal with social and political issues at home and abroad, particularly the Philippines. She is a long standing member of the\u00a0<a class=\"spip_out\" href=\"http:\/\/cap-cpc.blogspot.com\/\" rel=\"external\">Centre for Philippine Concerns<\/a>\u00a0in Montreal.<\/p>\n<p><strong>Filmography<\/strong><\/p>\n<p>2012 : <em>The end of immigration?<\/em>, Co-director, Radio Canada, RDI<br \/>\n2008 :\u00a0<i>Philippines: Waging War on the People<\/i>, Co-director, producer<br \/>\n2006 : Five short films on International Women\u2019s Day (Cinq courts m\u00e9trages sur la\u00a0<i>Journ\u00e9e Internationale des Femmes<\/i>\u00a0de diverses origines) 2001-2005, Co-director, Producer &#8211; Parole Citoyenne<br \/>\n2005 :\u00a0<i>Tourn\u00e9e Musiques rebelles Americas<\/i>, Producer &#8211; Parole Citoyenne<br \/>\n2004 :\u00a0<i>Rebel Music Americas<\/i>, Co-Director, T\u00e9l\u00e9-Qu\u00e9bec and TV5<br \/>\n\u2022 <strong>Roma Independent Film Festival, Italy \u2013 Best Documentary<\/strong><br \/>\n2002 :\u00a0<i>Rebel Music Qu\u00e9bec<\/i>, Director and Writer, T\u00e9l\u00e9-Qu\u00e9bec<br \/>\n1999 :\u00a0<i>When Strangers Reunite<\/i>, Director and Writer, Vision TV, WTN, Knowledge Network, SCN, Co-production NFB<br \/>\n1997 :\u00a0<i>Modern Heroes, Modern Slaves<\/i>, Director and Writer, CBC<br \/>\n\u2022 <strong>Canadian Association of Journalists \u2013 Best Investigative Documentary<\/strong><br \/>\n1993 :\u00a0<i>Elles changent le monde<\/i>, Director and Co-Writer, Centre Saint-Pierre<br \/>\n1993 :\u00a0<i>Moving the Mountain<\/i>, Executive Producer, TV5, Vision TV, TV Ontario<br \/>\n1992 :\u00a0<i>Brown Women Blond Babies<\/i>, Director, Producer, CBC, Vision TV, Knowledge Network<br \/>\n1990 :\u00a0<i>Bakwet : Refugees in their own Land<\/i>, Co-Writer, co-Producer, CTV, Soci\u00e9t\u00e9 Radio-Canada<br \/>\n1989 :<i>\u00a0Farmer to Farmer<\/i>, Co-Writer, Producer, Soci\u00e9t\u00e9 Radio-Canada, Vision TV<br \/>\n1989 :\u00a0<i>Kababaihan : Filipina Portraits<\/i>, Co-Writer, Director, Co-Producer, Radio-Qu\u00e9bec, Vision TV<br \/>\n1988 :\u00a0<i>Return to Manila<\/i>, Writer, Co-Director, Producer, Radio-Qu\u00e9bec, Vision TV<br \/>\n1988 :<i>\u00a0People Power to Military Power<\/i>, Co-Director, Writer, Co-Producer<\/p>\n","protected":false},"excerpt":{"rendered":"<p>Marie Boti is a co-founder of Productions Multi-Monde with Malcolm Guy. She has been making documentaries since 1987, sharing the lives and struggles of the people and communities she films with. These close relationships are perceptible in her work. Marie &#8230; <a class=\"styledbutton\" href=\"https:\/\/multi-monde.ca\/en\/multi-monde-production\/our-team\/marie-boti-2\/\">Read More<\/a><\/p>\n","protected":false},"author":2,"featured_media":0,"parent":6,"menu_order":0,"comment_status":"closed","ping_status":"closed","template":"","meta":{"_acf_changed":false,"footnotes":""},"class_list":["post-583","page","type-page","status-publish","hentry"],"acf":[],"yoast_head":"<!-- This site is optimized with the Yoast SEO plugin v27.3 - https:\/\/yoast.com\/product\/yoast-seo-wordpress\/ -->\n<title>Marie Boti - Multi-Monde EN<\/title>\n<meta name=\"robots\" content=\"index, follow, max-snippet:-1, max-image-preview:large, max-video-preview:-1\" \/>\n<link rel=\"canonical\" href=\"https:\/\/multi-monde.ca\/en\/multi-monde-production\/our-team\/marie-boti-2\/\" \/>\n<meta property=\"og:locale\" content=\"en_US\" \/>\n<meta property=\"og:type\" content=\"article\" \/>\n<meta property=\"og:title\" content=\"Marie Boti - Multi-Monde EN\" \/>\n<meta property=\"og:description\" content=\"Marie Boti is a co-founder of Productions Multi-Monde with Malcolm Guy. She has been making documentaries since 1987, sharing the lives and struggles of the people and communities she films with. These close relationships are perceptible in her work. Marie ... Read More\" \/>\n<meta property=\"og:url\" content=\"https:\/\/multi-monde.ca\/en\/multi-monde-production\/our-team\/marie-boti-2\/\" \/>\n<meta property=\"og:site_name\" content=\"Multi-Monde EN\" \/>\n<meta property=\"article:modified_time\" content=\"2015-07-16T02:43:18+00:00\" \/>\n<meta property=\"og:image\" content=\"http:\/\/multi-monde.ca\/en\/wp-content\/uploads\/sites\/2\/2015\/05\/marie-150x150.png\" \/>\n<meta name=\"twitter:card\" content=\"summary_large_image\" \/>\n<meta name=\"twitter:label1\" content=\"Est. reading time\" \/>\n\t<meta name=\"twitter:data1\" content=\"1 minute\" \/>\n<script type=\"application\/ld+json\" class=\"yoast-schema-graph\">{\"@context\":\"https:\\\/\\\/schema.org\",\"@graph\":[{\"@type\":\"WebPage\",\"@id\":\"https:\\\/\\\/multi-monde.ca\\\/en\\\/multi-monde-production\\\/our-team\\\/marie-boti-2\\\/\",\"url\":\"https:\\\/\\\/multi-monde.ca\\\/en\\\/multi-monde-production\\\/our-team\\\/marie-boti-2\\\/\",\"name\":\"Marie Boti - Multi-Monde EN\",\"isPartOf\":{\"@id\":\"https:\\\/\\\/multi-monde.ca\\\/en\\\/#website\"},\"primaryImageOfPage\":{\"@id\":\"https:\\\/\\\/multi-monde.ca\\\/en\\\/multi-monde-production\\\/our-team\\\/marie-boti-2\\\/#primaryimage\"},\"image\":{\"@id\":\"https:\\\/\\\/multi-monde.ca\\\/en\\\/multi-monde-production\\\/our-team\\\/marie-boti-2\\\/#primaryimage\"},\"thumbnailUrl\":\"http:\\\/\\\/multi-monde.ca\\\/en\\\/wp-content\\\/uploads\\\/sites\\\/2\\\/2015\\\/05\\\/marie-150x150.png\",\"datePublished\":\"2015-07-14T16:56:11+00:00\",\"dateModified\":\"2015-07-16T02:43:18+00:00\",\"breadcrumb\":{\"@id\":\"https:\\\/\\\/multi-monde.ca\\\/en\\\/multi-monde-production\\\/our-team\\\/marie-boti-2\\\/#breadcrumb\"},\"inLanguage\":\"en-US\",\"potentialAction\":[{\"@type\":\"ReadAction\",\"target\":[\"https:\\\/\\\/multi-monde.ca\\\/en\\\/multi-monde-production\\\/our-team\\\/marie-boti-2\\\/\"]}]},{\"@type\":\"ImageObject\",\"inLanguage\":\"en-US\",\"@id\":\"https:\\\/\\\/multi-monde.ca\\\/en\\\/multi-monde-production\\\/our-team\\\/marie-boti-2\\\/#primaryimage\",\"url\":\"http:\\\/\\\/multi-monde.ca\\\/en\\\/wp-content\\\/uploads\\\/sites\\\/2\\\/2015\\\/05\\\/marie-150x150.png\",\"contentUrl\":\"http:\\\/\\\/multi-monde.ca\\\/en\\\/wp-content\\\/uploads\\\/sites\\\/2\\\/2015\\\/05\\\/marie-150x150.png\"},{\"@type\":\"BreadcrumbList\",\"@id\":\"https:\\\/\\\/multi-monde.ca\\\/en\\\/multi-monde-production\\\/our-team\\\/marie-boti-2\\\/#breadcrumb\",\"itemListElement\":[{\"@type\":\"ListItem\",\"position\":1,\"name\":\"Accueil\",\"item\":\"https:\\\/\\\/multi-monde.ca\\\/en\\\/\"},{\"@type\":\"ListItem\",\"position\":2,\"name\":\"Productions Multi-Monde\",\"item\":\"https:\\\/\\\/multi-monde.ca\\\/en\\\/multi-monde-production\\\/\"},{\"@type\":\"ListItem\",\"position\":3,\"name\":\"Our production team\",\"item\":\"https:\\\/\\\/multi-monde.ca\\\/en\\\/multi-monde-production\\\/our-team\\\/\"},{\"@type\":\"ListItem\",\"position\":4,\"name\":\"Marie Boti\"}]},{\"@type\":\"WebSite\",\"@id\":\"https:\\\/\\\/multi-monde.ca\\\/en\\\/#website\",\"url\":\"https:\\\/\\\/multi-monde.ca\\\/en\\\/\",\"name\":\"Multi-Monde EN\",\"description\":\"Production \\\/ Distribution\",\"potentialAction\":[{\"@type\":\"SearchAction\",\"target\":{\"@type\":\"EntryPoint\",\"urlTemplate\":\"https:\\\/\\\/multi-monde.ca\\\/en\\\/?s={search_term_string}\"},\"query-input\":{\"@type\":\"PropertyValueSpecification\",\"valueRequired\":true,\"valueName\":\"search_term_string\"}}],\"inLanguage\":\"en-US\"}]}<\/script>\n<!-- \/ Yoast SEO plugin. -->","yoast_head_json":{"title":"Marie Boti - Multi-Monde EN","robots":{"index":"index","follow":"follow","max-snippet":"max-snippet:-1","max-image-preview":"max-image-preview:large","max-video-preview":"max-video-preview:-1"},"canonical":"https:\/\/multi-monde.ca\/en\/multi-monde-production\/our-team\/marie-boti-2\/","og_locale":"en_US","og_type":"article","og_title":"Marie Boti - Multi-Monde EN","og_description":"Marie Boti is a co-founder of Productions Multi-Monde with Malcolm Guy. She has been making documentaries since 1987, sharing the lives and struggles of the people and communities she films with. These close relationships are perceptible in her work. Marie ... Read More","og_url":"https:\/\/multi-monde.ca\/en\/multi-monde-production\/our-team\/marie-boti-2\/","og_site_name":"Multi-Monde EN","article_modified_time":"2015-07-16T02:43:18+00:00","og_image":[{"url":"http:\/\/multi-monde.ca\/en\/wp-content\/uploads\/sites\/2\/2015\/05\/marie-150x150.png","type":"","width":"","height":""}],"twitter_card":"summary_large_image","twitter_misc":{"Est. reading time":"1 minute"},"schema":{"@context":"https:\/\/schema.org","@graph":[{"@type":"WebPage","@id":"https:\/\/multi-monde.ca\/en\/multi-monde-production\/our-team\/marie-boti-2\/","url":"https:\/\/multi-monde.ca\/en\/multi-monde-production\/our-team\/marie-boti-2\/","name":"Marie Boti - Multi-Monde EN","isPartOf":{"@id":"https:\/\/multi-monde.ca\/en\/#website"},"primaryImageOfPage":{"@id":"https:\/\/multi-monde.ca\/en\/multi-monde-production\/our-team\/marie-boti-2\/#primaryimage"},"image":{"@id":"https:\/\/multi-monde.ca\/en\/multi-monde-production\/our-team\/marie-boti-2\/#primaryimage"},"thumbnailUrl":"http:\/\/multi-monde.ca\/en\/wp-content\/uploads\/sites\/2\/2015\/05\/marie-150x150.png","datePublished":"2015-07-14T16:56:11+00:00","dateModified":"2015-07-16T02:43:18+00:00","breadcrumb":{"@id":"https:\/\/multi-monde.ca\/en\/multi-monde-production\/our-team\/marie-boti-2\/#breadcrumb"},"inLanguage":"en-US","potentialAction":[{"@type":"ReadAction","target":["https:\/\/multi-monde.ca\/en\/multi-monde-production\/our-team\/marie-boti-2\/"]}]},{"@type":"ImageObject","inLanguage":"en-US","@id":"https:\/\/multi-monde.ca\/en\/multi-monde-production\/our-team\/marie-boti-2\/#primaryimage","url":"http:\/\/multi-monde.ca\/en\/wp-content\/uploads\/sites\/2\/2015\/05\/marie-150x150.png","contentUrl":"http:\/\/multi-monde.ca\/en\/wp-content\/uploads\/sites\/2\/2015\/05\/marie-150x150.png"},{"@type":"BreadcrumbList","@id":"https:\/\/multi-monde.ca\/en\/multi-monde-production\/our-team\/marie-boti-2\/#breadcrumb","itemListElement":[{"@type":"ListItem","position":1,"name":"Accueil","item":"https:\/\/multi-monde.ca\/en\/"},{"@type":"ListItem","position":2,"name":"Productions Multi-Monde","item":"https:\/\/multi-monde.ca\/en\/multi-monde-production\/"},{"@type":"ListItem","position":3,"name":"Our production team","item":"https:\/\/multi-monde.ca\/en\/multi-monde-production\/our-team\/"},{"@type":"ListItem","position":4,"name":"Marie Boti"}]},{"@type":"WebSite","@id":"https:\/\/multi-monde.ca\/en\/#website","url":"https:\/\/multi-monde.ca\/en\/","name":"Multi-Monde EN","description":"Production \/ Distribution","potentialAction":[{"@type":"SearchAction","target":{"@type":"EntryPoint","urlTemplate":"https:\/\/multi-monde.ca\/en\/?s={search_term_string}"},"query-input":{"@type":"PropertyValueSpecification","valueRequired":true,"valueName":"search_term_string"}}],"inLanguage":"en-US"}]}},"_links":{"self":[{"href":"https:\/\/multi-monde.ca\/en\/wp-json\/wp\/v2\/pages\/583","targetHints":{"allow":["GET"]}}],"collection":[{"href":"https:\/\/multi-monde.ca\/en\/wp-json\/wp\/v2\/pages"}],"about":[{"href":"https:\/\/multi-monde.ca\/en\/wp-json\/wp\/v2\/types\/page"}],"author":[{"embeddable":true,"href":"https:\/\/multi-monde.ca\/en\/wp-json\/wp\/v2\/users\/2"}],"replies":[{"embeddable":true,"href":"https:\/\/multi-monde.ca\/en\/wp-json\/wp\/v2\/comments?post=583"}],"version-history":[{"count":11,"href":"https:\/\/multi-monde.ca\/en\/wp-json\/wp\/v2\/pages\/583\/revisions"}],"predecessor-version":[{"id":670,"href":"https:\/\/multi-monde.ca\/en\/wp-json\/wp\/v2\/pages\/583\/revisions\/670"}],"up":[{"embeddable":true,"href":"https:\/\/multi-monde.ca\/en\/wp-json\/wp\/v2\/pages\/6"}],"wp:attachment":[{"href":"https:\/\/multi-monde.ca\/en\/wp-json\/wp\/v2\/media?parent=583"}],"curies":[{"name":"wp","href":"https:\/\/api.w.org\/{rel}","templated":true}]}}