{"id":580,"date":"2015-07-14T12:53:41","date_gmt":"2015-07-14T16:53:41","guid":{"rendered":"http:\/\/multi-monde.ca\/en\/?page_id=580"},"modified":"2015-07-16T16:17:44","modified_gmt":"2015-07-16T20:17:44","slug":"marlene-edoyan","status":"publish","type":"page","link":"https:\/\/multi-monde.ca\/en\/multi-monde-production\/our-team\/marlene-edoyan\/","title":{"rendered":"Marlene Edoyan"},"content":{"rendered":"<h2 class=\"mgs_titre\"><a href=\"http:\/\/multi-monde.ca\/en\/wp-content\/uploads\/sites\/2\/2015\/07\/marlene.png\"><img loading=\"lazy\" decoding=\"async\" class=\" size-thumbnail wp-image-594 alignleft\" src=\"http:\/\/multi-monde.ca\/en\/wp-content\/uploads\/sites\/2\/2015\/07\/marlene-150x150.png\" alt=\"marlene\" width=\"150\" height=\"150\" srcset=\"https:\/\/multi-monde.ca\/en\/wp-content\/uploads\/sites\/2\/2015\/07\/marlene-150x150.png 150w, https:\/\/multi-monde.ca\/en\/wp-content\/uploads\/sites\/2\/2015\/07\/marlene-220x218.png 220w, https:\/\/multi-monde.ca\/en\/wp-content\/uploads\/sites\/2\/2015\/07\/marlene-90x89.png 90w, https:\/\/multi-monde.ca\/en\/wp-content\/uploads\/sites\/2\/2015\/07\/marlene-45x45.png 45w, https:\/\/multi-monde.ca\/en\/wp-content\/uploads\/sites\/2\/2015\/07\/marlene.png 254w\" sizes=\"auto, (max-width: 150px) 100vw, 150px\" \/><\/a><\/h2>\n<div class=\"mgs_texte_int\">\n<div class=\"mgs_texte\">\n<p>Marlene Edoyan is a Montreal-based documentary filmmaker and producer. With a keen interest in social, cultural and political issues, Marlene joined Productions Multi-Monde in 2008. She produced\u00a0<i>Je serai l\u00e0<\/i>\u00a0(2010), and is associate producer for\u00a0<i>Chants de la d\u00e9termiNATION<\/i>\u00a0(2009 -APTN),\u00a0<i>Tibet: terre des braves<\/i>(2011 -TV5),\u00a0<i>La Grande Invasion<\/i>\u00a0(2012 -T\u00e9l\u00e9-Qu\u00e9bec),\u00a0<i>La fin de l\u2019immigration?<\/i>\u00a0(2012 -Radio-Canada), along with two films currently in post-production:\u00a0<i>\u00catre chinois au Qu\u00e9bec<\/i>\u00a0for Canal D and\u00a0<i>Honour Your Word<\/i>.<\/p>\n<p>Marlene previously worked as a production director and artistic director for animated films at Astral Media, mostly internationally co-produced feature-length films for Latin America and TV series for children.<\/p>\n<p>Marlene directed and produced her first feature-length documentary film\u00a0<i>Figure of Armen<\/i>, to be released in November 2012 by\u00a0Diffusion Multi-Monde. She returns to the homeland of her ancestors and questions what it means to be an Armenian in a region devastated by natural disasters and changing borders following the break-up of the USSR. Marlene is of Armenian descent and grew up in Lebanon.<\/p>\n<p><strong>FILMOGRAPHY<\/strong><\/p>\n<p><strong>Director and scriptwriter:<\/strong><br class=\"autobr\" \/><i>Figure of Armen<\/i>, feature-length documentary (2012)<\/p>\n<p><strong>Producer:<\/strong><br class=\"autobr\" \/><i>Je serai l\u00e0<\/i>, medium length documentary (2010)<br class=\"autobr\" \/><i>Figure of Armen<\/i>, feature-length documentary (2012)<\/p>\n<p><strong>Associate Producer:<\/strong><br class=\"autobr\" \/><i>Chants de la d\u00e9termiNATION<\/i>, medium-length documentary (2009) APTN<br class=\"autobr\" \/><i>Tibet:land of the brave<\/i>, medium-length documentary (2011) TV5<br class=\"autobr\" \/><i>La Grande Invasion<\/i>, medium-length documentary (2011) T\u00e9l\u00e9-Qu\u00e9bec<br class=\"autobr\" \/><i>La fin de l\u2019immigration?<\/i>, medium-length documentary (2012) Radio-Canada<br class=\"autobr\" \/><i>\u00catre chinois au Qu\u00e9bec<\/i>, medium-length documentary (in post-production) Canal D<br class=\"autobr\" \/><i>Honour Your Word<\/i>, medium-length documentary (in post-production)<\/p>\n<\/div>\n<\/div>\n","protected":false},"excerpt":{"rendered":"<p>Marlene Edoyan is a Montreal-based documentary filmmaker and producer. With a keen interest in social, cultural and political issues, Marlene joined Productions Multi-Monde in 2008. She produced\u00a0Je serai l\u00e0\u00a0(2010), and is associate producer for\u00a0Chants de la d\u00e9termiNATION\u00a0(2009 -APTN),\u00a0Tibet: terre des &#8230; <a class=\"styledbutton\" href=\"https:\/\/multi-monde.ca\/en\/multi-monde-production\/our-team\/marlene-edoyan\/\">Read More<\/a><\/p>\n","protected":false},"author":2,"featured_media":702,"parent":6,"menu_order":0,"comment_status":"closed","ping_status":"closed","template":"","meta":{"_acf_changed":false,"footnotes":""},"class_list":["post-580","page","type-page","status-publish","has-post-thumbnail","hentry"],"acf":[],"yoast_head":"<!-- This site is optimized with the Yoast SEO plugin v27.4 - https:\/\/yoast.com\/product\/yoast-seo-wordpress\/ -->\n<title>Marlene Edoyan - Multi-Monde EN<\/title>\n<meta name=\"robots\" content=\"index, follow, max-snippet:-1, max-image-preview:large, max-video-preview:-1\" \/>\n<link rel=\"canonical\" href=\"https:\/\/multi-monde.ca\/en\/multi-monde-production\/our-team\/marlene-edoyan\/\" \/>\n<meta property=\"og:locale\" content=\"en_US\" \/>\n<meta property=\"og:type\" content=\"article\" \/>\n<meta property=\"og:title\" content=\"Marlene Edoyan - Multi-Monde EN\" \/>\n<meta property=\"og:description\" content=\"Marlene Edoyan is a Montreal-based documentary filmmaker and producer. With a keen interest in social, cultural and political issues, Marlene joined Productions Multi-Monde in 2008. She produced\u00a0Je serai l\u00e0\u00a0(2010), and is associate producer for\u00a0Chants de la d\u00e9termiNATION\u00a0(2009 -APTN),\u00a0Tibet: terre des ... Read More\" \/>\n<meta property=\"og:url\" content=\"https:\/\/multi-monde.ca\/en\/multi-monde-production\/our-team\/marlene-edoyan\/\" \/>\n<meta property=\"og:site_name\" content=\"Multi-Monde EN\" \/>\n<meta property=\"article:modified_time\" content=\"2015-07-16T20:17:44+00:00\" \/>\n<meta property=\"og:image\" content=\"https:\/\/multi-monde.ca\/en\/wp-content\/uploads\/sites\/2\/2015\/07\/photo_marlene_edoyanx260-837e9.jpg\" \/>\n\t<meta property=\"og:image:width\" content=\"260\" \/>\n\t<meta property=\"og:image:height\" content=\"331\" \/>\n\t<meta property=\"og:image:type\" content=\"image\/jpeg\" \/>\n<meta name=\"twitter:card\" content=\"summary_large_image\" \/>\n<meta name=\"twitter:label1\" content=\"Est. reading time\" \/>\n\t<meta name=\"twitter:data1\" content=\"1 minute\" \/>\n<script type=\"application\/ld+json\" class=\"yoast-schema-graph\">{\"@context\":\"https:\\\/\\\/schema.org\",\"@graph\":[{\"@type\":\"WebPage\",\"@id\":\"https:\\\/\\\/multi-monde.ca\\\/en\\\/multi-monde-production\\\/our-team\\\/marlene-edoyan\\\/\",\"url\":\"https:\\\/\\\/multi-monde.ca\\\/en\\\/multi-monde-production\\\/our-team\\\/marlene-edoyan\\\/\",\"name\":\"Marlene Edoyan - Multi-Monde EN\",\"isPartOf\":{\"@id\":\"https:\\\/\\\/multi-monde.ca\\\/en\\\/#website\"},\"primaryImageOfPage\":{\"@id\":\"https:\\\/\\\/multi-monde.ca\\\/en\\\/multi-monde-production\\\/our-team\\\/marlene-edoyan\\\/#primaryimage\"},\"image\":{\"@id\":\"https:\\\/\\\/multi-monde.ca\\\/en\\\/multi-monde-production\\\/our-team\\\/marlene-edoyan\\\/#primaryimage\"},\"thumbnailUrl\":\"https:\\\/\\\/multi-monde.ca\\\/en\\\/wp-content\\\/uploads\\\/sites\\\/2\\\/2015\\\/07\\\/photo_marlene_edoyanx260-837e9.jpg\",\"datePublished\":\"2015-07-14T16:53:41+00:00\",\"dateModified\":\"2015-07-16T20:17:44+00:00\",\"breadcrumb\":{\"@id\":\"https:\\\/\\\/multi-monde.ca\\\/en\\\/multi-monde-production\\\/our-team\\\/marlene-edoyan\\\/#breadcrumb\"},\"inLanguage\":\"en-US\",\"potentialAction\":[{\"@type\":\"ReadAction\",\"target\":[\"https:\\\/\\\/multi-monde.ca\\\/en\\\/multi-monde-production\\\/our-team\\\/marlene-edoyan\\\/\"]}]},{\"@type\":\"ImageObject\",\"inLanguage\":\"en-US\",\"@id\":\"https:\\\/\\\/multi-monde.ca\\\/en\\\/multi-monde-production\\\/our-team\\\/marlene-edoyan\\\/#primaryimage\",\"url\":\"https:\\\/\\\/multi-monde.ca\\\/en\\\/wp-content\\\/uploads\\\/sites\\\/2\\\/2015\\\/07\\\/photo_marlene_edoyanx260-837e9.jpg\",\"contentUrl\":\"https:\\\/\\\/multi-monde.ca\\\/en\\\/wp-content\\\/uploads\\\/sites\\\/2\\\/2015\\\/07\\\/photo_marlene_edoyanx260-837e9.jpg\",\"width\":260,\"height\":331},{\"@type\":\"BreadcrumbList\",\"@id\":\"https:\\\/\\\/multi-monde.ca\\\/en\\\/multi-monde-production\\\/our-team\\\/marlene-edoyan\\\/#breadcrumb\",\"itemListElement\":[{\"@type\":\"ListItem\",\"position\":1,\"name\":\"Accueil\",\"item\":\"https:\\\/\\\/multi-monde.ca\\\/en\\\/\"},{\"@type\":\"ListItem\",\"position\":2,\"name\":\"Productions Multi-Monde\",\"item\":\"https:\\\/\\\/multi-monde.ca\\\/en\\\/multi-monde-production\\\/\"},{\"@type\":\"ListItem\",\"position\":3,\"name\":\"Our production team\",\"item\":\"https:\\\/\\\/multi-monde.ca\\\/en\\\/multi-monde-production\\\/our-team\\\/\"},{\"@type\":\"ListItem\",\"position\":4,\"name\":\"Marlene Edoyan\"}]},{\"@type\":\"WebSite\",\"@id\":\"https:\\\/\\\/multi-monde.ca\\\/en\\\/#website\",\"url\":\"https:\\\/\\\/multi-monde.ca\\\/en\\\/\",\"name\":\"Multi-Monde EN\",\"description\":\"Production \\\/ Distribution\",\"potentialAction\":[{\"@type\":\"SearchAction\",\"target\":{\"@type\":\"EntryPoint\",\"urlTemplate\":\"https:\\\/\\\/multi-monde.ca\\\/en\\\/?s={search_term_string}\"},\"query-input\":{\"@type\":\"PropertyValueSpecification\",\"valueRequired\":true,\"valueName\":\"search_term_string\"}}],\"inLanguage\":\"en-US\"}]}<\/script>\n<!-- \/ Yoast SEO plugin. -->","yoast_head_json":{"title":"Marlene Edoyan - Multi-Monde EN","robots":{"index":"index","follow":"follow","max-snippet":"max-snippet:-1","max-image-preview":"max-image-preview:large","max-video-preview":"max-video-preview:-1"},"canonical":"https:\/\/multi-monde.ca\/en\/multi-monde-production\/our-team\/marlene-edoyan\/","og_locale":"en_US","og_type":"article","og_title":"Marlene Edoyan - Multi-Monde EN","og_description":"Marlene Edoyan is a Montreal-based documentary filmmaker and producer. With a keen interest in social, cultural and political issues, Marlene joined Productions Multi-Monde in 2008. She produced\u00a0Je serai l\u00e0\u00a0(2010), and is associate producer for\u00a0Chants de la d\u00e9termiNATION\u00a0(2009 -APTN),\u00a0Tibet: terre des ... Read More","og_url":"https:\/\/multi-monde.ca\/en\/multi-monde-production\/our-team\/marlene-edoyan\/","og_site_name":"Multi-Monde EN","article_modified_time":"2015-07-16T20:17:44+00:00","og_image":[{"width":260,"height":331,"url":"https:\/\/multi-monde.ca\/en\/wp-content\/uploads\/sites\/2\/2015\/07\/photo_marlene_edoyanx260-837e9.jpg","type":"image\/jpeg"}],"twitter_card":"summary_large_image","twitter_misc":{"Est. reading time":"1 minute"},"schema":{"@context":"https:\/\/schema.org","@graph":[{"@type":"WebPage","@id":"https:\/\/multi-monde.ca\/en\/multi-monde-production\/our-team\/marlene-edoyan\/","url":"https:\/\/multi-monde.ca\/en\/multi-monde-production\/our-team\/marlene-edoyan\/","name":"Marlene Edoyan - Multi-Monde EN","isPartOf":{"@id":"https:\/\/multi-monde.ca\/en\/#website"},"primaryImageOfPage":{"@id":"https:\/\/multi-monde.ca\/en\/multi-monde-production\/our-team\/marlene-edoyan\/#primaryimage"},"image":{"@id":"https:\/\/multi-monde.ca\/en\/multi-monde-production\/our-team\/marlene-edoyan\/#primaryimage"},"thumbnailUrl":"https:\/\/multi-monde.ca\/en\/wp-content\/uploads\/sites\/2\/2015\/07\/photo_marlene_edoyanx260-837e9.jpg","datePublished":"2015-07-14T16:53:41+00:00","dateModified":"2015-07-16T20:17:44+00:00","breadcrumb":{"@id":"https:\/\/multi-monde.ca\/en\/multi-monde-production\/our-team\/marlene-edoyan\/#breadcrumb"},"inLanguage":"en-US","potentialAction":[{"@type":"ReadAction","target":["https:\/\/multi-monde.ca\/en\/multi-monde-production\/our-team\/marlene-edoyan\/"]}]},{"@type":"ImageObject","inLanguage":"en-US","@id":"https:\/\/multi-monde.ca\/en\/multi-monde-production\/our-team\/marlene-edoyan\/#primaryimage","url":"https:\/\/multi-monde.ca\/en\/wp-content\/uploads\/sites\/2\/2015\/07\/photo_marlene_edoyanx260-837e9.jpg","contentUrl":"https:\/\/multi-monde.ca\/en\/wp-content\/uploads\/sites\/2\/2015\/07\/photo_marlene_edoyanx260-837e9.jpg","width":260,"height":331},{"@type":"BreadcrumbList","@id":"https:\/\/multi-monde.ca\/en\/multi-monde-production\/our-team\/marlene-edoyan\/#breadcrumb","itemListElement":[{"@type":"ListItem","position":1,"name":"Accueil","item":"https:\/\/multi-monde.ca\/en\/"},{"@type":"ListItem","position":2,"name":"Productions Multi-Monde","item":"https:\/\/multi-monde.ca\/en\/multi-monde-production\/"},{"@type":"ListItem","position":3,"name":"Our production team","item":"https:\/\/multi-monde.ca\/en\/multi-monde-production\/our-team\/"},{"@type":"ListItem","position":4,"name":"Marlene Edoyan"}]},{"@type":"WebSite","@id":"https:\/\/multi-monde.ca\/en\/#website","url":"https:\/\/multi-monde.ca\/en\/","name":"Multi-Monde EN","description":"Production \/ Distribution","potentialAction":[{"@type":"SearchAction","target":{"@type":"EntryPoint","urlTemplate":"https:\/\/multi-monde.ca\/en\/?s={search_term_string}"},"query-input":{"@type":"PropertyValueSpecification","valueRequired":true,"valueName":"search_term_string"}}],"inLanguage":"en-US"}]}},"_links":{"self":[{"href":"https:\/\/multi-monde.ca\/en\/wp-json\/wp\/v2\/pages\/580","targetHints":{"allow":["GET"]}}],"collection":[{"href":"https:\/\/multi-monde.ca\/en\/wp-json\/wp\/v2\/pages"}],"about":[{"href":"https:\/\/multi-monde.ca\/en\/wp-json\/wp\/v2\/types\/page"}],"author":[{"embeddable":true,"href":"https:\/\/multi-monde.ca\/en\/wp-json\/wp\/v2\/users\/2"}],"replies":[{"embeddable":true,"href":"https:\/\/multi-monde.ca\/en\/wp-json\/wp\/v2\/comments?post=580"}],"version-history":[{"count":4,"href":"https:\/\/multi-monde.ca\/en\/wp-json\/wp\/v2\/pages\/580\/revisions"}],"predecessor-version":[{"id":600,"href":"https:\/\/multi-monde.ca\/en\/wp-json\/wp\/v2\/pages\/580\/revisions\/600"}],"up":[{"embeddable":true,"href":"https:\/\/multi-monde.ca\/en\/wp-json\/wp\/v2\/pages\/6"}],"wp:featuredmedia":[{"embeddable":true,"href":"https:\/\/multi-monde.ca\/en\/wp-json\/wp\/v2\/media\/702"}],"wp:attachment":[{"href":"https:\/\/multi-monde.ca\/en\/wp-json\/wp\/v2\/media?parent=580"}],"curies":[{"name":"wp","href":"https:\/\/api.w.org\/{rel}","templated":true}]}}