{"id":573,"date":"2015-07-14T12:47:39","date_gmt":"2015-07-14T16:47:39","guid":{"rendered":"http:\/\/multi-monde.ca\/en\/?page_id=573"},"modified":"2021-07-21T16:38:34","modified_gmt":"2021-07-21T20:38:34","slug":"malcolm-guy","status":"publish","type":"page","link":"https:\/\/multi-monde.ca\/en\/multi-monde-production\/our-team\/malcolm-guy\/","title":{"rendered":"Malcolm Guy"},"content":{"rendered":"\n<div class=\"wp-block-image\"><figure class=\"alignleft\"><a href=\"http:\/\/multi-monde.ca\/en\/wp-content\/uploads\/sites\/2\/2015\/05\/malcolm.png\"><img loading=\"lazy\" decoding=\"async\" width=\"150\" height=\"150\" src=\"http:\/\/multi-monde.ca\/en\/wp-content\/uploads\/sites\/2\/2015\/05\/malcolm-150x150.png\" alt=\"malcolm\" class=\"wp-image-549\" srcset=\"https:\/\/multi-monde.ca\/en\/wp-content\/uploads\/sites\/2\/2015\/05\/malcolm-150x150.png 150w, https:\/\/multi-monde.ca\/en\/wp-content\/uploads\/sites\/2\/2015\/05\/malcolm-220x218.png 220w, https:\/\/multi-monde.ca\/en\/wp-content\/uploads\/sites\/2\/2015\/05\/malcolm-90x89.png 90w, https:\/\/multi-monde.ca\/en\/wp-content\/uploads\/sites\/2\/2015\/05\/malcolm-45x45.png 45w, https:\/\/multi-monde.ca\/en\/wp-content\/uploads\/sites\/2\/2015\/05\/malcolm.png 254w\" sizes=\"auto, (max-width: 150px) 100vw, 150px\" \/><\/a><\/figure><\/div>\n\n\n\n<p class=\"mgs_titre\"><strong>Malcolm Guy<\/strong>\u00a0is a director and producer of documentary and fiction films, President and co-founder of Productions Multi-Monde. Malcolm is active in immigrant rights organizations and in the independent film community. He contributed to establishing the international film fest\u00a0<a class=\"spip_out\" href=\"http:\/\/www.ridm.qc.ca\/en\" rel=\"external\">Rencontres International du Documentaire de Montr\u00e9al (RIDM)<\/a>, the <a href=\"http:\/\/www.obsdoc.ca\/\">Observatoire du Documentaire<\/a>, the distribution company Les Films du 3 Mars, and is a member of\u00a0<a class=\"spip_out\" href=\"http:\/\/www.docquebec.ca\/\" rel=\"external\">DOC (the Documentary Organisation of Canada)<\/a>. He is a founding member of the\u00a0<a class=\"spip_out\" href=\"http:\/\/cap-cpc.blogspot.com\/\" rel=\"external\">Centre for Philippine Concerns<\/a>\u00a0in Montreal and is presently a member of the executive.<\/p>\n\n\n\n<p><strong>Filmography<\/strong><\/p>\n\n\n\n<p>2018: <a href=\"https:\/\/www.devp.org\/en\/philippines-documentary\" target=\"_blank\" rel=\"noreferrer noopener\"><em>After the storm<\/em><\/a>, Consulting Director, Development and Peace<br>2014:\u00a0<em><a href=\"https:\/\/multi-monde.ca\/en\/honour-your-word\/\">Honour your word<\/a><\/em>, Producer<br>2013:\u00a0<em><a href=\"https:\/\/multi-monde.ca\/en\/red-square-on-a-blackboard-carre-rouge-sur-fond-noir\/\">Red Square on a blackboard<\/a><\/em> (Carr\u00e9 rouge sur fond noir), Executive Producer, T\u00e9l\u00e9-Qu\u00e9bec<br><strong>\u2022 Prix G\u00e9meaux \u2013 Best Social Documentary; Best script<\/strong><br>2012:\u00a0<em><a href=\"https:\/\/multi-monde.ca\/en\/being-chinese-in-quebec-a-road-movie\/\">Being Chinese in Quebec: a road movie<\/a><\/em>\u00a0, Producer, Co-director (TV version &#8211; Canal D)<br>2012:\u00a0The end of immigration ?, Co-director, Radio-Canada, RDI<br>2008:\u00a0Philippines<span style=\"line-height: 1.5;\"><i><a href=\"http:\/\/multi-monde.ca\/en\/philippines-waging-war-on-the-people\/\">: Waging War on the People<\/a><\/i>, Director\/Producer, Centre for Philippine Concerns<br>2006 :\u00a0<i><a href=\"http:\/\/multi-monde.ca\/en\/bledi-this-is-our-home\/\">Bledi, This is Our Home<\/a><\/i>, Co-Director, T\u00e9l\u00e9-Qu\u00e9bec<br>2006 :\u00a0<i><a href=\"http:\/\/multi-monde.ca\/en\/my-friend-ana\/\">My Friend Ana<\/a><\/i>, Executive Producer, CBC<br>2004 :\u00a0<i><a href=\"http:\/\/multi-monde.ca\/en\/rebel-music-americas\/\">Rebel Music Americas<\/a><\/i>, Co-Director, T\u00e9l\u00e9-Qu\u00e9bec and TV5<br><strong>\u2022 Roma Independent Film Festival, Italy \u2013 Best Documentary<\/strong><br>2004 :\u00a0<i><a href=\"http:\/\/multi-monde.ca\/en\/turbulent-waters\/\">Turbulent Waters<\/a>,<\/i>\u00a0Co-Director, Producer, T\u00e9l\u00e9-Qu\u00e9bec<br>2003 :\u00a0<i><a href=\"http:\/\/multi-monde.ca\/en\/cherry-fruitbread\/\">Cherry Fruitbread<\/a>,<\/i>\u00a0Executive Producer<br><strong>\u2022 Montreal World Film Festival\u2013 Audience Award, Best Canadian Short<\/strong><br>2002 :\u00a0<i>Rebel Music Qu\u00e9bec,<\/i>\u00a0Executive Producer, T\u00e9l\u00e9-Qu\u00e9bec<br>2002 :\u00a0<i><a href=\"http:\/\/multi-monde.ca\/en\/the-corridart-affair\/\">The Corridart Affair<\/a><\/i>, Producer, CFCF<br>2002 :\u00a0<i>The Melca Salvador Story<\/i>, Director\/Producer (with Joey Calugay and Eylem Kaftan)<br>2000 :<i>\u00a0<a href=\"http:\/\/multi-monde.ca\/en\/a-time-of-love-and-war\/\">A Time of Love and War<\/a><\/i>, Producer, WTN<br><strong>\u2022 Rhode Island International Film Festival &#8211; Best Documentary<\/strong><br>1999 :\u00a0<i><a href=\"http:\/\/multi-monde.ca\/en\/pressure-point-inside-the-montreal-blockade\/\">Pressure Point : Inside the Montreal Blockade<\/a>,<\/i>\u00a0Co-Director, Producer, T\u00e9l\u00e9-Qu\u00e9bec<br><strong>\u2022 Quebec Film Critic\u2019s Association \u2013 Best Documentary<\/strong><br>1999 :\u00a0<a href=\"http:\/\/multi-monde.ca\/en\/when-strangers-re-unite-quand-les-etrangers-se-reunissent\/\"><i>When Strangers Reunite<\/i>\u00a0Producer<\/a>, Vision TV, WTN, Knowledge Network, SCN<br>1997 :\u00a0<i><a href=\"http:\/\/multi-monde.ca\/en\/modern-heroes-modern-slaves\/\">Modern Heroes, Modern Slaves<\/a><\/i>, Producer, CBC<br><strong>\u2022 Canadian Association of Journalists \u2013 Best Investigative Documentary<\/strong><br>1997 :<i>\u00a0<a href=\"http:\/\/multi-monde.ca\/en\/the-suit-war\/\">The Suit War<\/a><\/i>, Director, Producer, CBC<br>1995 :\u00a0<i><a href=\"http:\/\/multi-monde.ca\/en\/merging-colours\/\">Merging Colours<\/a>,<\/i>\u00a0Executive Producer, Vision TV, CFCF12 (Montr\u00e9al)<br>1993 :\u00a0<i><a href=\"http:\/\/multi-monde.ca\/en\/moving-the-mountain\/\">Moving the Mountain<\/a>,<\/i>\u00a0Co-Director, Producer, TV5, Vision TV, TV Ontario<br>1992 :\u00a0<i><a href=\"http:\/\/multi-monde.ca\/en\/brown-women-blond-babies\/\">Brown Women Blond Babies<\/a>,<\/i>\u00a0Co-Producer, CBC, Vision TV, Knowledge Network<br>1991 :\u00a0<i>Freedom\u2026 and Beyond<\/i>, Director, Vision TV<br>1990 :\u00a0<i><a href=\"http:\/\/multi-monde.ca\/en\/bakwet-refugees-in-their-own-land\/\">Bakwet : Refugees in Their Own Land<\/a><\/i>, Director, Producer, CTV, Soci\u00e9t\u00e9 Radio-Canada<br>1989 :\u00a0<i><a href=\"http:\/\/multi-monde.ca\/en\/farmer-to-farmer\/\">Farmer to Farmer<\/a><\/i>, Director, Producer, Soci\u00e9t\u00e9 Radio-Canada, Vision TV<br>1989 :\u00a0<i><a href=\"http:\/\/multi-monde.ca\/en\/kababaihan-filipina-portraits\/\">Kababaihan : Filipina Portraits<\/a><\/i>, Co-Director, Producer, Radio-Qu\u00e9bec, Vision TV<br>1988 :\u00a0<i><a href=\"http:\/\/multi-monde.ca\/en\/people-power-to-military-power\/\">People Power to Military Power<\/a><\/i>, Co-Director, Producer<br>1988 :\u00a0<i><a href=\"http:\/\/multi-monde.ca\/en\/balikbayan-return-to-manila\/\">Return to Manila<\/a>,<\/i>\u00a0Director, Producer, Radio-Qu\u00e9bec, Vision TV<br>1988 :\u00a0<i><a href=\"http:\/\/multi-monde.ca\/en\/il-ne-faut-pas-avoir-peur-de-dire-le-mot\/\">Il ne faut pas avoir peur de dire le mot<\/a>,<\/i>\u00a0Director, Producer<br><strong><i>Other productions<\/i>\u00a0<\/strong><br>2005 :\u00a0<i><a href=\"http:\/\/multi-monde.ca\/en\/bhai-bhai\/\">Bha\u00ef Bha\u00ef<\/a><\/i>, Co-producer<br><strong>\u2022 Festival Les Musicals, B\u00e9ziers, France &#8211; Best short<\/strong><br>2001 :\u00a0<i>Journey to Little Rock<\/i>, Executive Producer<br><strong>\u2022 Chicago International Children\u2019s Film Festival &#8211; Best of Fest Award<\/strong><br>1998 :\u00a0<i>Amarok\u2019s Song<\/i>, Producer, Words &amp; Pictures, NFB<br>1997 :\u00a0<i>Life &amp; Times of Farley Mowat<\/i>, Producer, CBC<br>1996 :\u00a0<i>L\u2019oreille d\u2019un sourd<\/i>, Producer, Super \u00c9cran, Soci\u00e9t\u00e9 Radio-Canada<\/span><\/p>\n","protected":false},"excerpt":{"rendered":"<p>Malcolm Guy\u00a0is a director and producer of documentary and fiction films, President and co-founder of Productions Multi-Monde. Malcolm is active in immigrant rights organizations and in the independent film community. He contributed to establishing the international film fest\u00a0Rencontres International du &#8230; <a class=\"styledbutton\" href=\"https:\/\/multi-monde.ca\/en\/multi-monde-production\/our-team\/malcolm-guy\/\">Read More<\/a><\/p>\n","protected":false},"author":2,"featured_media":0,"parent":6,"menu_order":0,"comment_status":"closed","ping_status":"closed","template":"","meta":{"_acf_changed":false,"footnotes":""},"class_list":["post-573","page","type-page","status-publish","hentry"],"acf":[],"yoast_head":"<!-- This site is optimized with the Yoast SEO plugin v27.3 - https:\/\/yoast.com\/product\/yoast-seo-wordpress\/ -->\n<title>Malcolm Guy - Multi-Monde EN<\/title>\n<meta name=\"robots\" content=\"index, follow, max-snippet:-1, max-image-preview:large, max-video-preview:-1\" \/>\n<link rel=\"canonical\" href=\"https:\/\/multi-monde.ca\/en\/multi-monde-production\/our-team\/malcolm-guy\/\" \/>\n<meta property=\"og:locale\" content=\"en_US\" \/>\n<meta property=\"og:type\" content=\"article\" \/>\n<meta property=\"og:title\" content=\"Malcolm Guy - Multi-Monde EN\" \/>\n<meta property=\"og:description\" content=\"Malcolm Guy\u00a0is a director and producer of documentary and fiction films, President and co-founder of Productions Multi-Monde. Malcolm is active in immigrant rights organizations and in the independent film community. He contributed to establishing the international film fest\u00a0Rencontres International du ... Read More\" \/>\n<meta property=\"og:url\" content=\"https:\/\/multi-monde.ca\/en\/multi-monde-production\/our-team\/malcolm-guy\/\" \/>\n<meta property=\"og:site_name\" content=\"Multi-Monde EN\" \/>\n<meta property=\"article:modified_time\" content=\"2021-07-21T20:38:34+00:00\" \/>\n<meta property=\"og:image\" content=\"http:\/\/multi-monde.ca\/en\/wp-content\/uploads\/sites\/2\/2015\/05\/malcolm-150x150.png\" \/>\n<meta name=\"twitter:card\" content=\"summary_large_image\" \/>\n<meta name=\"twitter:label1\" content=\"Est. reading time\" \/>\n\t<meta name=\"twitter:data1\" content=\"3 minutes\" \/>\n<script type=\"application\/ld+json\" class=\"yoast-schema-graph\">{\"@context\":\"https:\\\/\\\/schema.org\",\"@graph\":[{\"@type\":\"WebPage\",\"@id\":\"https:\\\/\\\/multi-monde.ca\\\/en\\\/multi-monde-production\\\/our-team\\\/malcolm-guy\\\/\",\"url\":\"https:\\\/\\\/multi-monde.ca\\\/en\\\/multi-monde-production\\\/our-team\\\/malcolm-guy\\\/\",\"name\":\"Malcolm Guy - Multi-Monde EN\",\"isPartOf\":{\"@id\":\"https:\\\/\\\/multi-monde.ca\\\/en\\\/#website\"},\"primaryImageOfPage\":{\"@id\":\"https:\\\/\\\/multi-monde.ca\\\/en\\\/multi-monde-production\\\/our-team\\\/malcolm-guy\\\/#primaryimage\"},\"image\":{\"@id\":\"https:\\\/\\\/multi-monde.ca\\\/en\\\/multi-monde-production\\\/our-team\\\/malcolm-guy\\\/#primaryimage\"},\"thumbnailUrl\":\"http:\\\/\\\/multi-monde.ca\\\/en\\\/wp-content\\\/uploads\\\/sites\\\/2\\\/2015\\\/05\\\/malcolm-150x150.png\",\"datePublished\":\"2015-07-14T16:47:39+00:00\",\"dateModified\":\"2021-07-21T20:38:34+00:00\",\"breadcrumb\":{\"@id\":\"https:\\\/\\\/multi-monde.ca\\\/en\\\/multi-monde-production\\\/our-team\\\/malcolm-guy\\\/#breadcrumb\"},\"inLanguage\":\"en-US\",\"potentialAction\":[{\"@type\":\"ReadAction\",\"target\":[\"https:\\\/\\\/multi-monde.ca\\\/en\\\/multi-monde-production\\\/our-team\\\/malcolm-guy\\\/\"]}]},{\"@type\":\"ImageObject\",\"inLanguage\":\"en-US\",\"@id\":\"https:\\\/\\\/multi-monde.ca\\\/en\\\/multi-monde-production\\\/our-team\\\/malcolm-guy\\\/#primaryimage\",\"url\":\"http:\\\/\\\/multi-monde.ca\\\/en\\\/wp-content\\\/uploads\\\/sites\\\/2\\\/2015\\\/05\\\/malcolm-150x150.png\",\"contentUrl\":\"http:\\\/\\\/multi-monde.ca\\\/en\\\/wp-content\\\/uploads\\\/sites\\\/2\\\/2015\\\/05\\\/malcolm-150x150.png\"},{\"@type\":\"BreadcrumbList\",\"@id\":\"https:\\\/\\\/multi-monde.ca\\\/en\\\/multi-monde-production\\\/our-team\\\/malcolm-guy\\\/#breadcrumb\",\"itemListElement\":[{\"@type\":\"ListItem\",\"position\":1,\"name\":\"Accueil\",\"item\":\"https:\\\/\\\/multi-monde.ca\\\/en\\\/\"},{\"@type\":\"ListItem\",\"position\":2,\"name\":\"Productions Multi-Monde\",\"item\":\"https:\\\/\\\/multi-monde.ca\\\/en\\\/multi-monde-production\\\/\"},{\"@type\":\"ListItem\",\"position\":3,\"name\":\"Our production team\",\"item\":\"https:\\\/\\\/multi-monde.ca\\\/en\\\/multi-monde-production\\\/our-team\\\/\"},{\"@type\":\"ListItem\",\"position\":4,\"name\":\"Malcolm Guy\"}]},{\"@type\":\"WebSite\",\"@id\":\"https:\\\/\\\/multi-monde.ca\\\/en\\\/#website\",\"url\":\"https:\\\/\\\/multi-monde.ca\\\/en\\\/\",\"name\":\"Multi-Monde EN\",\"description\":\"Production \\\/ Distribution\",\"potentialAction\":[{\"@type\":\"SearchAction\",\"target\":{\"@type\":\"EntryPoint\",\"urlTemplate\":\"https:\\\/\\\/multi-monde.ca\\\/en\\\/?s={search_term_string}\"},\"query-input\":{\"@type\":\"PropertyValueSpecification\",\"valueRequired\":true,\"valueName\":\"search_term_string\"}}],\"inLanguage\":\"en-US\"}]}<\/script>\n<!-- \/ Yoast SEO plugin. -->","yoast_head_json":{"title":"Malcolm Guy - Multi-Monde EN","robots":{"index":"index","follow":"follow","max-snippet":"max-snippet:-1","max-image-preview":"max-image-preview:large","max-video-preview":"max-video-preview:-1"},"canonical":"https:\/\/multi-monde.ca\/en\/multi-monde-production\/our-team\/malcolm-guy\/","og_locale":"en_US","og_type":"article","og_title":"Malcolm Guy - Multi-Monde EN","og_description":"Malcolm Guy\u00a0is a director and producer of documentary and fiction films, President and co-founder of Productions Multi-Monde. Malcolm is active in immigrant rights organizations and in the independent film community. He contributed to establishing the international film fest\u00a0Rencontres International du ... Read More","og_url":"https:\/\/multi-monde.ca\/en\/multi-monde-production\/our-team\/malcolm-guy\/","og_site_name":"Multi-Monde EN","article_modified_time":"2021-07-21T20:38:34+00:00","og_image":[{"url":"http:\/\/multi-monde.ca\/en\/wp-content\/uploads\/sites\/2\/2015\/05\/malcolm-150x150.png","type":"","width":"","height":""}],"twitter_card":"summary_large_image","twitter_misc":{"Est. reading time":"3 minutes"},"schema":{"@context":"https:\/\/schema.org","@graph":[{"@type":"WebPage","@id":"https:\/\/multi-monde.ca\/en\/multi-monde-production\/our-team\/malcolm-guy\/","url":"https:\/\/multi-monde.ca\/en\/multi-monde-production\/our-team\/malcolm-guy\/","name":"Malcolm Guy - Multi-Monde EN","isPartOf":{"@id":"https:\/\/multi-monde.ca\/en\/#website"},"primaryImageOfPage":{"@id":"https:\/\/multi-monde.ca\/en\/multi-monde-production\/our-team\/malcolm-guy\/#primaryimage"},"image":{"@id":"https:\/\/multi-monde.ca\/en\/multi-monde-production\/our-team\/malcolm-guy\/#primaryimage"},"thumbnailUrl":"http:\/\/multi-monde.ca\/en\/wp-content\/uploads\/sites\/2\/2015\/05\/malcolm-150x150.png","datePublished":"2015-07-14T16:47:39+00:00","dateModified":"2021-07-21T20:38:34+00:00","breadcrumb":{"@id":"https:\/\/multi-monde.ca\/en\/multi-monde-production\/our-team\/malcolm-guy\/#breadcrumb"},"inLanguage":"en-US","potentialAction":[{"@type":"ReadAction","target":["https:\/\/multi-monde.ca\/en\/multi-monde-production\/our-team\/malcolm-guy\/"]}]},{"@type":"ImageObject","inLanguage":"en-US","@id":"https:\/\/multi-monde.ca\/en\/multi-monde-production\/our-team\/malcolm-guy\/#primaryimage","url":"http:\/\/multi-monde.ca\/en\/wp-content\/uploads\/sites\/2\/2015\/05\/malcolm-150x150.png","contentUrl":"http:\/\/multi-monde.ca\/en\/wp-content\/uploads\/sites\/2\/2015\/05\/malcolm-150x150.png"},{"@type":"BreadcrumbList","@id":"https:\/\/multi-monde.ca\/en\/multi-monde-production\/our-team\/malcolm-guy\/#breadcrumb","itemListElement":[{"@type":"ListItem","position":1,"name":"Accueil","item":"https:\/\/multi-monde.ca\/en\/"},{"@type":"ListItem","position":2,"name":"Productions Multi-Monde","item":"https:\/\/multi-monde.ca\/en\/multi-monde-production\/"},{"@type":"ListItem","position":3,"name":"Our production team","item":"https:\/\/multi-monde.ca\/en\/multi-monde-production\/our-team\/"},{"@type":"ListItem","position":4,"name":"Malcolm Guy"}]},{"@type":"WebSite","@id":"https:\/\/multi-monde.ca\/en\/#website","url":"https:\/\/multi-monde.ca\/en\/","name":"Multi-Monde EN","description":"Production \/ Distribution","potentialAction":[{"@type":"SearchAction","target":{"@type":"EntryPoint","urlTemplate":"https:\/\/multi-monde.ca\/en\/?s={search_term_string}"},"query-input":{"@type":"PropertyValueSpecification","valueRequired":true,"valueName":"search_term_string"}}],"inLanguage":"en-US"}]}},"_links":{"self":[{"href":"https:\/\/multi-monde.ca\/en\/wp-json\/wp\/v2\/pages\/573","targetHints":{"allow":["GET"]}}],"collection":[{"href":"https:\/\/multi-monde.ca\/en\/wp-json\/wp\/v2\/pages"}],"about":[{"href":"https:\/\/multi-monde.ca\/en\/wp-json\/wp\/v2\/types\/page"}],"author":[{"embeddable":true,"href":"https:\/\/multi-monde.ca\/en\/wp-json\/wp\/v2\/users\/2"}],"replies":[{"embeddable":true,"href":"https:\/\/multi-monde.ca\/en\/wp-json\/wp\/v2\/comments?post=573"}],"version-history":[{"count":16,"href":"https:\/\/multi-monde.ca\/en\/wp-json\/wp\/v2\/pages\/573\/revisions"}],"predecessor-version":[{"id":2126,"href":"https:\/\/multi-monde.ca\/en\/wp-json\/wp\/v2\/pages\/573\/revisions\/2126"}],"up":[{"embeddable":true,"href":"https:\/\/multi-monde.ca\/en\/wp-json\/wp\/v2\/pages\/6"}],"wp:attachment":[{"href":"https:\/\/multi-monde.ca\/en\/wp-json\/wp\/v2\/media?parent=573"}],"curies":[{"name":"wp","href":"https:\/\/api.w.org\/{rel}","templated":true}]}}