{"id":568,"date":"2015-07-14T12:32:19","date_gmt":"2015-07-14T16:32:19","guid":{"rendered":"http:\/\/multi-monde.ca\/en\/?page_id=568"},"modified":"2015-07-18T00:17:08","modified_gmt":"2015-07-18T04:17:08","slug":"lucie-pageau-2","status":"publish","type":"page","link":"https:\/\/multi-monde.ca\/en\/multi-monde-production\/our-team\/lucie-pageau-2\/","title":{"rendered":"Lucie Pageau"},"content":{"rendered":"<h2 class=\"mgs_titre\" style=\"text-align: left;\"><a href=\"http:\/\/multi-monde.ca\/en\/wp-content\/uploads\/sites\/2\/2015\/07\/lucie.png\"><img loading=\"lazy\" decoding=\"async\" class=\" size-thumbnail wp-image-592 alignleft\" src=\"http:\/\/multi-monde.ca\/en\/wp-content\/uploads\/sites\/2\/2015\/07\/lucie-150x150.png\" alt=\"lucie\" width=\"150\" height=\"150\" srcset=\"https:\/\/multi-monde.ca\/en\/wp-content\/uploads\/sites\/2\/2015\/07\/lucie-150x150.png 150w, https:\/\/multi-monde.ca\/en\/wp-content\/uploads\/sites\/2\/2015\/07\/lucie-220x218.png 220w, https:\/\/multi-monde.ca\/en\/wp-content\/uploads\/sites\/2\/2015\/07\/lucie-90x89.png 90w, https:\/\/multi-monde.ca\/en\/wp-content\/uploads\/sites\/2\/2015\/07\/lucie-45x45.png 45w, https:\/\/multi-monde.ca\/en\/wp-content\/uploads\/sites\/2\/2015\/07\/lucie.png 254w\" sizes=\"auto, (max-width: 150px) 100vw, 150px\" \/><\/a><\/h2>\n<div class=\"mgs_texte_int\">\n<div class=\"mgs_texte\">\n<p style=\"text-align: justify;\">Lucie Pageau Producer and Director of documentary and fiction films and Vice-President of Productions Multi-Monde since 1991. Having studied Film and Communications, Lucie began her career making educational videos and coordinating training sessions for women\u2019s and community groups. Now with over 20 film productions to her credit, Lucie always has several projects underway yet makes time to support filmmakers in writing and development, thus contributing to the building of public awareness about social and political issues.<\/p>\n<p><strong>Filmography<\/strong><\/p>\n<p>2013:\u00a0<i><a class=\"spip_out\" href=\"http:\/\/carrerougesurfondnoir.com\/\" rel=\"external\">Red Square on a Blackboard<\/a><\/i>, producer, T\u00e9l\u00e9-Qu\u00e9bec<br \/>\n<strong>Prix G\u00e9meaux: Best social documentary<\/strong><br \/>\n<strong>Prix G\u00e9meaux: Best script<\/strong><br \/>\n2012:\u00a0<i>The end of immigration?<\/i>, producer, Radio-Canada<br \/>\n2012:\u00a0<i><a class=\"spip_out\" href=\"http:\/\/grandeinvasionfilm.com\/\" rel=\"external\">The Grand Invasion<\/a><\/i>, producer, T\u00e9l\u00e9-Qu\u00e9bec<br \/>\n2011:\u00a0<i><a class=\"spip_out\" href=\"http:\/\/tibetterredesbraves.net\/en\/?\/accueil\" rel=\"external\">Tibet: land of the brave<\/a><\/i>, producer, TV5<br \/>\n2010:\u00a0<i>Here we remain<\/i>, executive producer<br \/>\n2008:\u00a0<i>determiNATION song<\/i>s, producer, APTN<br \/>\n2008:\u00a0<i>Mirages of Eldorado,<\/i>\u00a0producer, T\u00e9l\u00e9-Qu\u00e9bec<br \/>\n<strong>Grand Prize Festival international du film d\u2019environnement<\/strong><br \/>\n<strong>Grand Prize Festival International de Cine Digital<\/strong><br \/>\n2006:\u00a0<i>Bledi, This is Our Home<\/i>, Producer, T\u00e9l\u00e9-Qu\u00e9bec<br \/>\n2004:\u00a0<i>Rebel Music Americas<\/i>, Producer, T\u00e9l\u00e9-Qu\u00e9bec, TV5<br \/>\n<strong>\u2022 Roma Independent Film Festival, Italy \u2013 Best Documentary<\/strong><br \/>\n2003:\u00a0<i>Les derniers chasseurs du Petit Havre,<\/i>\u00a0Producer<br \/>\n<strong>\u2022 Nominated for Jutra Award, Best Documentary<\/strong><br \/>\n2003:\u00a0<i>La cueca sola, Associate Producer<\/i>, Les films de l\u2019Atalante, NFB<br \/>\n<strong>\u2022 Hot Docs Best Documentary Award<\/strong><br \/>\n2001:\u00a0<i>Rebel Music Qu\u00e9bec,<\/i>\u00a0Producer, T\u00e9l\u00e9-Qu\u00e9bec<br \/>\n1999:\u00a0<i>Pressure Point: Inside the Montreal Blockade (Op\u00e9ration SalAMI: les profits ou la vie?)<\/i>, Associate Producer, T\u00e9l\u00e9-Qu\u00e9bec, CBC<br \/>\n<strong>\u2022 Quebec Film Critic\u2019s Association \u2013 Best Documentary<\/strong><br \/>\n1998:\u00a0<i>Amarok\u2019s Song,<\/i>\u00a0Producer, Production Words and Pictures, Vision TV, CFCF, Knowledge Network<br \/>\n1997:\u00a0<i>The Suit War,<\/i>\u00a0Associate Producer, CBC, News World<br \/>\n1997:\u00a0<i>Ce qu\u2019il reste de nous quand nous d\u00e9cidons de partir,<\/i>\u00a0Scriptwriter, Director<br \/>\n1995:\u00a0<i>Merging Colours,<\/i>\u00a0Producer T\u00e9l\u00e9-Qu\u00e9bec, CFCF, Vision TV<br \/>\n1995:\u00a0<i>La voisine<\/i>, Associate Producer, Productions de l\u2019Impatiente, Soci\u00e9t\u00e9 Radio-Canada<br \/>\n1993:\u00a0<i>Moving the Mountain, (La Montagne d\u2019or),<\/i>\u00a0Associate Producer, TV5, Vision TV<br \/>\n1993:\u00a0<i>El Choco-Baie James,<\/i>\u00a0Co-Director, Productions Cuso<br \/>\n1991:\u00a0<i>Le pouvoir des femmes face aux st\u00e9r\u00e9otypes sexistes,<\/i>\u00a0Director, \u00c9cho des femmes de la Petite Patrie<\/p>\n<p><i>La derni\u00e8re ne passera pas<\/i><br class=\"autobr\" \/>Short fiction (10 min.) dealing with competitiveness in schools<br class=\"autobr\" \/>Universit\u00e9 de Montr\u00e9al<\/p>\n<\/div>\n<\/div>\n","protected":false},"excerpt":{"rendered":"<p>Lucie Pageau Producer and Director of documentary and fiction films and Vice-President of Productions Multi-Monde since 1991. Having studied Film and Communications, Lucie began her career making educational videos and coordinating training sessions for women\u2019s and community groups. Now with &#8230; <a class=\"styledbutton\" href=\"https:\/\/multi-monde.ca\/en\/multi-monde-production\/our-team\/lucie-pageau-2\/\">Read More<\/a><\/p>\n","protected":false},"author":2,"featured_media":696,"parent":6,"menu_order":0,"comment_status":"closed","ping_status":"closed","template":"","meta":{"_acf_changed":false,"footnotes":""},"class_list":["post-568","page","type-page","status-publish","has-post-thumbnail","hentry"],"acf":[],"yoast_head":"<!-- This site is optimized with the Yoast SEO plugin v27.3 - https:\/\/yoast.com\/product\/yoast-seo-wordpress\/ -->\n<title>Lucie Pageau - Multi-Monde EN<\/title>\n<meta name=\"robots\" content=\"index, follow, max-snippet:-1, max-image-preview:large, max-video-preview:-1\" \/>\n<link rel=\"canonical\" href=\"https:\/\/multi-monde.ca\/en\/multi-monde-production\/our-team\/lucie-pageau-2\/\" \/>\n<meta property=\"og:locale\" content=\"en_US\" \/>\n<meta property=\"og:type\" content=\"article\" \/>\n<meta property=\"og:title\" content=\"Lucie Pageau - Multi-Monde EN\" \/>\n<meta property=\"og:description\" content=\"Lucie Pageau Producer and Director of documentary and fiction films and Vice-President of Productions Multi-Monde since 1991. Having studied Film and Communications, Lucie began her career making educational videos and coordinating training sessions for women\u2019s and community groups. Now with ... Read More\" \/>\n<meta property=\"og:url\" content=\"https:\/\/multi-monde.ca\/en\/multi-monde-production\/our-team\/lucie-pageau-2\/\" \/>\n<meta property=\"og:site_name\" content=\"Multi-Monde EN\" \/>\n<meta property=\"article:modified_time\" content=\"2015-07-18T04:17:08+00:00\" \/>\n<meta property=\"og:image\" content=\"https:\/\/multi-monde.ca\/en\/wp-content\/uploads\/sites\/2\/2015\/07\/Lucie150.jpg\" \/>\n\t<meta property=\"og:image:width\" content=\"150\" \/>\n\t<meta property=\"og:image:height\" content=\"112\" \/>\n\t<meta property=\"og:image:type\" content=\"image\/jpeg\" \/>\n<meta name=\"twitter:card\" content=\"summary_large_image\" \/>\n<meta name=\"twitter:label1\" content=\"Est. reading time\" \/>\n\t<meta name=\"twitter:data1\" content=\"2 minutes\" \/>\n<script type=\"application\/ld+json\" class=\"yoast-schema-graph\">{\"@context\":\"https:\\\/\\\/schema.org\",\"@graph\":[{\"@type\":\"WebPage\",\"@id\":\"https:\\\/\\\/multi-monde.ca\\\/en\\\/multi-monde-production\\\/our-team\\\/lucie-pageau-2\\\/\",\"url\":\"https:\\\/\\\/multi-monde.ca\\\/en\\\/multi-monde-production\\\/our-team\\\/lucie-pageau-2\\\/\",\"name\":\"Lucie Pageau - Multi-Monde EN\",\"isPartOf\":{\"@id\":\"https:\\\/\\\/multi-monde.ca\\\/en\\\/#website\"},\"primaryImageOfPage\":{\"@id\":\"https:\\\/\\\/multi-monde.ca\\\/en\\\/multi-monde-production\\\/our-team\\\/lucie-pageau-2\\\/#primaryimage\"},\"image\":{\"@id\":\"https:\\\/\\\/multi-monde.ca\\\/en\\\/multi-monde-production\\\/our-team\\\/lucie-pageau-2\\\/#primaryimage\"},\"thumbnailUrl\":\"https:\\\/\\\/multi-monde.ca\\\/en\\\/wp-content\\\/uploads\\\/sites\\\/2\\\/2015\\\/07\\\/Lucie150.jpg\",\"datePublished\":\"2015-07-14T16:32:19+00:00\",\"dateModified\":\"2015-07-18T04:17:08+00:00\",\"breadcrumb\":{\"@id\":\"https:\\\/\\\/multi-monde.ca\\\/en\\\/multi-monde-production\\\/our-team\\\/lucie-pageau-2\\\/#breadcrumb\"},\"inLanguage\":\"en-US\",\"potentialAction\":[{\"@type\":\"ReadAction\",\"target\":[\"https:\\\/\\\/multi-monde.ca\\\/en\\\/multi-monde-production\\\/our-team\\\/lucie-pageau-2\\\/\"]}]},{\"@type\":\"ImageObject\",\"inLanguage\":\"en-US\",\"@id\":\"https:\\\/\\\/multi-monde.ca\\\/en\\\/multi-monde-production\\\/our-team\\\/lucie-pageau-2\\\/#primaryimage\",\"url\":\"https:\\\/\\\/multi-monde.ca\\\/en\\\/wp-content\\\/uploads\\\/sites\\\/2\\\/2015\\\/07\\\/Lucie150.jpg\",\"contentUrl\":\"https:\\\/\\\/multi-monde.ca\\\/en\\\/wp-content\\\/uploads\\\/sites\\\/2\\\/2015\\\/07\\\/Lucie150.jpg\",\"width\":150,\"height\":112},{\"@type\":\"BreadcrumbList\",\"@id\":\"https:\\\/\\\/multi-monde.ca\\\/en\\\/multi-monde-production\\\/our-team\\\/lucie-pageau-2\\\/#breadcrumb\",\"itemListElement\":[{\"@type\":\"ListItem\",\"position\":1,\"name\":\"Accueil\",\"item\":\"https:\\\/\\\/multi-monde.ca\\\/en\\\/\"},{\"@type\":\"ListItem\",\"position\":2,\"name\":\"Productions Multi-Monde\",\"item\":\"https:\\\/\\\/multi-monde.ca\\\/en\\\/multi-monde-production\\\/\"},{\"@type\":\"ListItem\",\"position\":3,\"name\":\"Our production team\",\"item\":\"https:\\\/\\\/multi-monde.ca\\\/en\\\/multi-monde-production\\\/our-team\\\/\"},{\"@type\":\"ListItem\",\"position\":4,\"name\":\"Lucie Pageau\"}]},{\"@type\":\"WebSite\",\"@id\":\"https:\\\/\\\/multi-monde.ca\\\/en\\\/#website\",\"url\":\"https:\\\/\\\/multi-monde.ca\\\/en\\\/\",\"name\":\"Multi-Monde EN\",\"description\":\"Production \\\/ Distribution\",\"potentialAction\":[{\"@type\":\"SearchAction\",\"target\":{\"@type\":\"EntryPoint\",\"urlTemplate\":\"https:\\\/\\\/multi-monde.ca\\\/en\\\/?s={search_term_string}\"},\"query-input\":{\"@type\":\"PropertyValueSpecification\",\"valueRequired\":true,\"valueName\":\"search_term_string\"}}],\"inLanguage\":\"en-US\"}]}<\/script>\n<!-- \/ Yoast SEO plugin. -->","yoast_head_json":{"title":"Lucie Pageau - Multi-Monde EN","robots":{"index":"index","follow":"follow","max-snippet":"max-snippet:-1","max-image-preview":"max-image-preview:large","max-video-preview":"max-video-preview:-1"},"canonical":"https:\/\/multi-monde.ca\/en\/multi-monde-production\/our-team\/lucie-pageau-2\/","og_locale":"en_US","og_type":"article","og_title":"Lucie Pageau - Multi-Monde EN","og_description":"Lucie Pageau Producer and Director of documentary and fiction films and Vice-President of Productions Multi-Monde since 1991. Having studied Film and Communications, Lucie began her career making educational videos and coordinating training sessions for women\u2019s and community groups. Now with ... Read More","og_url":"https:\/\/multi-monde.ca\/en\/multi-monde-production\/our-team\/lucie-pageau-2\/","og_site_name":"Multi-Monde EN","article_modified_time":"2015-07-18T04:17:08+00:00","og_image":[{"width":150,"height":112,"url":"https:\/\/multi-monde.ca\/en\/wp-content\/uploads\/sites\/2\/2015\/07\/Lucie150.jpg","type":"image\/jpeg"}],"twitter_card":"summary_large_image","twitter_misc":{"Est. reading time":"2 minutes"},"schema":{"@context":"https:\/\/schema.org","@graph":[{"@type":"WebPage","@id":"https:\/\/multi-monde.ca\/en\/multi-monde-production\/our-team\/lucie-pageau-2\/","url":"https:\/\/multi-monde.ca\/en\/multi-monde-production\/our-team\/lucie-pageau-2\/","name":"Lucie Pageau - Multi-Monde EN","isPartOf":{"@id":"https:\/\/multi-monde.ca\/en\/#website"},"primaryImageOfPage":{"@id":"https:\/\/multi-monde.ca\/en\/multi-monde-production\/our-team\/lucie-pageau-2\/#primaryimage"},"image":{"@id":"https:\/\/multi-monde.ca\/en\/multi-monde-production\/our-team\/lucie-pageau-2\/#primaryimage"},"thumbnailUrl":"https:\/\/multi-monde.ca\/en\/wp-content\/uploads\/sites\/2\/2015\/07\/Lucie150.jpg","datePublished":"2015-07-14T16:32:19+00:00","dateModified":"2015-07-18T04:17:08+00:00","breadcrumb":{"@id":"https:\/\/multi-monde.ca\/en\/multi-monde-production\/our-team\/lucie-pageau-2\/#breadcrumb"},"inLanguage":"en-US","potentialAction":[{"@type":"ReadAction","target":["https:\/\/multi-monde.ca\/en\/multi-monde-production\/our-team\/lucie-pageau-2\/"]}]},{"@type":"ImageObject","inLanguage":"en-US","@id":"https:\/\/multi-monde.ca\/en\/multi-monde-production\/our-team\/lucie-pageau-2\/#primaryimage","url":"https:\/\/multi-monde.ca\/en\/wp-content\/uploads\/sites\/2\/2015\/07\/Lucie150.jpg","contentUrl":"https:\/\/multi-monde.ca\/en\/wp-content\/uploads\/sites\/2\/2015\/07\/Lucie150.jpg","width":150,"height":112},{"@type":"BreadcrumbList","@id":"https:\/\/multi-monde.ca\/en\/multi-monde-production\/our-team\/lucie-pageau-2\/#breadcrumb","itemListElement":[{"@type":"ListItem","position":1,"name":"Accueil","item":"https:\/\/multi-monde.ca\/en\/"},{"@type":"ListItem","position":2,"name":"Productions Multi-Monde","item":"https:\/\/multi-monde.ca\/en\/multi-monde-production\/"},{"@type":"ListItem","position":3,"name":"Our production team","item":"https:\/\/multi-monde.ca\/en\/multi-monde-production\/our-team\/"},{"@type":"ListItem","position":4,"name":"Lucie Pageau"}]},{"@type":"WebSite","@id":"https:\/\/multi-monde.ca\/en\/#website","url":"https:\/\/multi-monde.ca\/en\/","name":"Multi-Monde EN","description":"Production \/ Distribution","potentialAction":[{"@type":"SearchAction","target":{"@type":"EntryPoint","urlTemplate":"https:\/\/multi-monde.ca\/en\/?s={search_term_string}"},"query-input":{"@type":"PropertyValueSpecification","valueRequired":true,"valueName":"search_term_string"}}],"inLanguage":"en-US"}]}},"_links":{"self":[{"href":"https:\/\/multi-monde.ca\/en\/wp-json\/wp\/v2\/pages\/568","targetHints":{"allow":["GET"]}}],"collection":[{"href":"https:\/\/multi-monde.ca\/en\/wp-json\/wp\/v2\/pages"}],"about":[{"href":"https:\/\/multi-monde.ca\/en\/wp-json\/wp\/v2\/types\/page"}],"author":[{"embeddable":true,"href":"https:\/\/multi-monde.ca\/en\/wp-json\/wp\/v2\/users\/2"}],"replies":[{"embeddable":true,"href":"https:\/\/multi-monde.ca\/en\/wp-json\/wp\/v2\/comments?post=568"}],"version-history":[{"count":6,"href":"https:\/\/multi-monde.ca\/en\/wp-json\/wp\/v2\/pages\/568\/revisions"}],"predecessor-version":[{"id":720,"href":"https:\/\/multi-monde.ca\/en\/wp-json\/wp\/v2\/pages\/568\/revisions\/720"}],"up":[{"embeddable":true,"href":"https:\/\/multi-monde.ca\/en\/wp-json\/wp\/v2\/pages\/6"}],"wp:featuredmedia":[{"embeddable":true,"href":"https:\/\/multi-monde.ca\/en\/wp-json\/wp\/v2\/media\/696"}],"wp:attachment":[{"href":"https:\/\/multi-monde.ca\/en\/wp-json\/wp\/v2\/media?parent=568"}],"curies":[{"name":"wp","href":"https:\/\/api.w.org\/{rel}","templated":true}]}}