{"id":554,"date":"2015-07-13T18:23:20","date_gmt":"2015-07-13T22:23:20","guid":{"rendered":"http:\/\/multi-monde.ca\/en\/?page_id=554"},"modified":"2015-07-20T11:58:49","modified_gmt":"2015-07-20T15:58:49","slug":"genevieve-brault","status":"publish","type":"page","link":"https:\/\/multi-monde.ca\/en\/multi-monde-production\/our-collaborators\/genevieve-brault\/","title":{"rendered":"Genevi\u00e8ve Brault"},"content":{"rendered":"<p><a href=\"http:\/\/multi-monde.ca\/en\/wp-content\/uploads\/sites\/2\/2015\/07\/gbrault-265a1.jpg\"><img loading=\"lazy\" decoding=\"async\" class=\" size-full wp-image-555 alignleft\" src=\"http:\/\/multi-monde.ca\/en\/wp-content\/uploads\/sites\/2\/2015\/07\/gbrault-265a1.jpg\" alt=\"gbrault-265a1\" width=\"288\" height=\"207\" srcset=\"https:\/\/multi-monde.ca\/en\/wp-content\/uploads\/sites\/2\/2015\/07\/gbrault-265a1.jpg 288w, https:\/\/multi-monde.ca\/en\/wp-content\/uploads\/sites\/2\/2015\/07\/gbrault-265a1-220x158.jpg 220w, https:\/\/multi-monde.ca\/en\/wp-content\/uploads\/sites\/2\/2015\/07\/gbrault-265a1-90x65.jpg 90w\" sizes=\"auto, (max-width: 288px) 100vw, 288px\" \/><\/a>A graduate in journalism from the University of Quebec at Montreal, <strong>Genevi\u00e8ve Brault<\/strong> is a director-screenwriter with a keen interest in social problems. Her experience as director and researcher for television allowed her to explore relevant issues like Canadian cultural diversity, the feminine condition and indigenous realities.<\/p>\n<p>Her short film <i>Portrait de boh\u00e8mes<\/i> was included in the running for the Cam\u00e9ra Verte prize at the Montreal International Documentary Festival (known by its French acronym RIDM) in 2008. She directed a few reports for the show Culture Choc\/Shock, which aired on RDI, Radio-Canada, CBC Newsworld and TV5. Her television report <i>Lama Santen<\/i> won her the Prix Galaxie from the Association of Cable Distributors in 2001. While working on her first feature movie, <i><a href=\"http:\/\/multi-monde.ca\/en\/tibet-land-of-the-brave\/\">Tibet\u00a0: Land of the Brave<\/a><\/i>, Genevi\u00e8ve is also directing 14 half-hour documentaries about different social issues for the series 109 (RDI\/Radio-Canada).<\/p>\n<p><strong>Works \/ Filmography<\/strong><br \/>\n<strong>2011<\/strong>\u00a0: <a href=\"http:\/\/multi-monde.ca\/en\/tibet-land-of-the-brave\/\"><i>Tibet\u00a0: terre des braves<\/i> \/ <i>Tibet\u00a0: Land of the brave<\/i><\/a>. Long m\u00e9trage documentaire (96 min.) Productions Multi-Monde<br \/>\n<strong>2006-2011<\/strong>\u00a0: S\u00e9rie documentaire \u201c<i>109<\/i>\u201d (r\u00e9alisation de 14 documentaires). Diffusion\u00a0: Radio-Canada\/RDI. Mixed Media Productions<br \/>\n<strong>2008<\/strong>\u00a0: <i>Portrait de boh\u00e8mes<\/i>. Court m\u00e9trage r\u00e9alis\u00e9 pour le concours \u201cCam\u00e9ra Verte\u201d. Organis\u00e9 par l\u2019ONF et les Rencontres du documentaire de Montr\u00e9al (RIDM)<br \/>\n<strong>2004\u20132005<\/strong>\u00a0: \u00c9mission <i>\u00c0 bout de souffle<\/i>. Diffusion\u00a0: Canal Vie. Swan Productions (Montr\u00e9al)<br \/>\n<strong>2000-2005<\/strong>\u00a0: \u00c9mission journalistique bilingue <i>Culture Choc\/Shock<\/i>. Diffusion\u00a0: RDI, Radio-Canada, CBC Newsworld, TV5. Crackerjacks Productions<br \/>\n<strong>2004<\/strong>\u00a0: Court m\u00e9trage de fiction <i>Trash It\u00a0!<\/i>. Oeuvre ind\u00e9pendante diffus\u00e9e dans le cadre du festival montr\u00e9alais Film Blitz 2880, organis\u00e9 en collaboration avec l\u2019ONF, Art-TV et Silence On Court\u00a0!<\/p>\n","protected":false},"excerpt":{"rendered":"<p>A graduate in journalism from the University of Quebec at Montreal, Genevi\u00e8ve Brault is a director-screenwriter with a keen interest in social problems. Her experience as director and researcher for television allowed her to explore relevant issues like Canadian cultural &#8230; <a class=\"styledbutton\" href=\"https:\/\/multi-monde.ca\/en\/multi-monde-production\/our-collaborators\/genevieve-brault\/\">Read More<\/a><\/p>\n","protected":false},"author":1,"featured_media":0,"parent":10,"menu_order":0,"comment_status":"closed","ping_status":"closed","template":"","meta":{"_acf_changed":false,"footnotes":""},"class_list":["post-554","page","type-page","status-publish","hentry"],"acf":[],"yoast_head":"<!-- This site is optimized with the Yoast SEO plugin v27.3 - https:\/\/yoast.com\/product\/yoast-seo-wordpress\/ -->\n<title>Genevi\u00e8ve Brault - Multi-Monde EN<\/title>\n<meta name=\"robots\" content=\"index, follow, max-snippet:-1, max-image-preview:large, max-video-preview:-1\" \/>\n<link rel=\"canonical\" href=\"https:\/\/multi-monde.ca\/en\/multi-monde-production\/our-collaborators\/genevieve-brault\/\" \/>\n<meta property=\"og:locale\" content=\"en_US\" \/>\n<meta property=\"og:type\" content=\"article\" \/>\n<meta property=\"og:title\" content=\"Genevi\u00e8ve Brault - Multi-Monde EN\" \/>\n<meta property=\"og:description\" content=\"A graduate in journalism from the University of Quebec at Montreal, Genevi\u00e8ve Brault is a director-screenwriter with a keen interest in social problems. Her experience as director and researcher for television allowed her to explore relevant issues like Canadian cultural ... Read More\" \/>\n<meta property=\"og:url\" content=\"https:\/\/multi-monde.ca\/en\/multi-monde-production\/our-collaborators\/genevieve-brault\/\" \/>\n<meta property=\"og:site_name\" content=\"Multi-Monde EN\" \/>\n<meta property=\"article:modified_time\" content=\"2015-07-20T15:58:49+00:00\" \/>\n<meta property=\"og:image\" content=\"http:\/\/multi-monde.ca\/en\/wp-content\/uploads\/sites\/2\/2015\/07\/gbrault-265a1.jpg\" \/>\n<meta name=\"twitter:card\" content=\"summary_large_image\" \/>\n<meta name=\"twitter:label1\" content=\"Est. reading time\" \/>\n\t<meta name=\"twitter:data1\" content=\"1 minute\" \/>\n<script type=\"application\/ld+json\" class=\"yoast-schema-graph\">{\"@context\":\"https:\\\/\\\/schema.org\",\"@graph\":[{\"@type\":\"WebPage\",\"@id\":\"https:\\\/\\\/multi-monde.ca\\\/en\\\/multi-monde-production\\\/our-collaborators\\\/genevieve-brault\\\/\",\"url\":\"https:\\\/\\\/multi-monde.ca\\\/en\\\/multi-monde-production\\\/our-collaborators\\\/genevieve-brault\\\/\",\"name\":\"Genevi\u00e8ve Brault - Multi-Monde EN\",\"isPartOf\":{\"@id\":\"https:\\\/\\\/multi-monde.ca\\\/en\\\/#website\"},\"primaryImageOfPage\":{\"@id\":\"https:\\\/\\\/multi-monde.ca\\\/en\\\/multi-monde-production\\\/our-collaborators\\\/genevieve-brault\\\/#primaryimage\"},\"image\":{\"@id\":\"https:\\\/\\\/multi-monde.ca\\\/en\\\/multi-monde-production\\\/our-collaborators\\\/genevieve-brault\\\/#primaryimage\"},\"thumbnailUrl\":\"http:\\\/\\\/multi-monde.ca\\\/en\\\/wp-content\\\/uploads\\\/sites\\\/2\\\/2015\\\/07\\\/gbrault-265a1.jpg\",\"datePublished\":\"2015-07-13T22:23:20+00:00\",\"dateModified\":\"2015-07-20T15:58:49+00:00\",\"breadcrumb\":{\"@id\":\"https:\\\/\\\/multi-monde.ca\\\/en\\\/multi-monde-production\\\/our-collaborators\\\/genevieve-brault\\\/#breadcrumb\"},\"inLanguage\":\"en-US\",\"potentialAction\":[{\"@type\":\"ReadAction\",\"target\":[\"https:\\\/\\\/multi-monde.ca\\\/en\\\/multi-monde-production\\\/our-collaborators\\\/genevieve-brault\\\/\"]}]},{\"@type\":\"ImageObject\",\"inLanguage\":\"en-US\",\"@id\":\"https:\\\/\\\/multi-monde.ca\\\/en\\\/multi-monde-production\\\/our-collaborators\\\/genevieve-brault\\\/#primaryimage\",\"url\":\"http:\\\/\\\/multi-monde.ca\\\/en\\\/wp-content\\\/uploads\\\/sites\\\/2\\\/2015\\\/07\\\/gbrault-265a1.jpg\",\"contentUrl\":\"http:\\\/\\\/multi-monde.ca\\\/en\\\/wp-content\\\/uploads\\\/sites\\\/2\\\/2015\\\/07\\\/gbrault-265a1.jpg\"},{\"@type\":\"BreadcrumbList\",\"@id\":\"https:\\\/\\\/multi-monde.ca\\\/en\\\/multi-monde-production\\\/our-collaborators\\\/genevieve-brault\\\/#breadcrumb\",\"itemListElement\":[{\"@type\":\"ListItem\",\"position\":1,\"name\":\"Accueil\",\"item\":\"https:\\\/\\\/multi-monde.ca\\\/en\\\/\"},{\"@type\":\"ListItem\",\"position\":2,\"name\":\"Productions Multi-Monde\",\"item\":\"https:\\\/\\\/multi-monde.ca\\\/en\\\/multi-monde-production\\\/\"},{\"@type\":\"ListItem\",\"position\":3,\"name\":\"Our collaborators\",\"item\":\"https:\\\/\\\/multi-monde.ca\\\/en\\\/multi-monde-production\\\/our-collaborators\\\/\"},{\"@type\":\"ListItem\",\"position\":4,\"name\":\"Genevi\u00e8ve Brault\"}]},{\"@type\":\"WebSite\",\"@id\":\"https:\\\/\\\/multi-monde.ca\\\/en\\\/#website\",\"url\":\"https:\\\/\\\/multi-monde.ca\\\/en\\\/\",\"name\":\"Multi-Monde EN\",\"description\":\"Production \\\/ Distribution\",\"potentialAction\":[{\"@type\":\"SearchAction\",\"target\":{\"@type\":\"EntryPoint\",\"urlTemplate\":\"https:\\\/\\\/multi-monde.ca\\\/en\\\/?s={search_term_string}\"},\"query-input\":{\"@type\":\"PropertyValueSpecification\",\"valueRequired\":true,\"valueName\":\"search_term_string\"}}],\"inLanguage\":\"en-US\"}]}<\/script>\n<!-- \/ Yoast SEO plugin. -->","yoast_head_json":{"title":"Genevi\u00e8ve Brault - Multi-Monde EN","robots":{"index":"index","follow":"follow","max-snippet":"max-snippet:-1","max-image-preview":"max-image-preview:large","max-video-preview":"max-video-preview:-1"},"canonical":"https:\/\/multi-monde.ca\/en\/multi-monde-production\/our-collaborators\/genevieve-brault\/","og_locale":"en_US","og_type":"article","og_title":"Genevi\u00e8ve Brault - Multi-Monde EN","og_description":"A graduate in journalism from the University of Quebec at Montreal, Genevi\u00e8ve Brault is a director-screenwriter with a keen interest in social problems. Her experience as director and researcher for television allowed her to explore relevant issues like Canadian cultural ... Read More","og_url":"https:\/\/multi-monde.ca\/en\/multi-monde-production\/our-collaborators\/genevieve-brault\/","og_site_name":"Multi-Monde EN","article_modified_time":"2015-07-20T15:58:49+00:00","og_image":[{"url":"http:\/\/multi-monde.ca\/en\/wp-content\/uploads\/sites\/2\/2015\/07\/gbrault-265a1.jpg","type":"","width":"","height":""}],"twitter_card":"summary_large_image","twitter_misc":{"Est. reading time":"1 minute"},"schema":{"@context":"https:\/\/schema.org","@graph":[{"@type":"WebPage","@id":"https:\/\/multi-monde.ca\/en\/multi-monde-production\/our-collaborators\/genevieve-brault\/","url":"https:\/\/multi-monde.ca\/en\/multi-monde-production\/our-collaborators\/genevieve-brault\/","name":"Genevi\u00e8ve Brault - Multi-Monde EN","isPartOf":{"@id":"https:\/\/multi-monde.ca\/en\/#website"},"primaryImageOfPage":{"@id":"https:\/\/multi-monde.ca\/en\/multi-monde-production\/our-collaborators\/genevieve-brault\/#primaryimage"},"image":{"@id":"https:\/\/multi-monde.ca\/en\/multi-monde-production\/our-collaborators\/genevieve-brault\/#primaryimage"},"thumbnailUrl":"http:\/\/multi-monde.ca\/en\/wp-content\/uploads\/sites\/2\/2015\/07\/gbrault-265a1.jpg","datePublished":"2015-07-13T22:23:20+00:00","dateModified":"2015-07-20T15:58:49+00:00","breadcrumb":{"@id":"https:\/\/multi-monde.ca\/en\/multi-monde-production\/our-collaborators\/genevieve-brault\/#breadcrumb"},"inLanguage":"en-US","potentialAction":[{"@type":"ReadAction","target":["https:\/\/multi-monde.ca\/en\/multi-monde-production\/our-collaborators\/genevieve-brault\/"]}]},{"@type":"ImageObject","inLanguage":"en-US","@id":"https:\/\/multi-monde.ca\/en\/multi-monde-production\/our-collaborators\/genevieve-brault\/#primaryimage","url":"http:\/\/multi-monde.ca\/en\/wp-content\/uploads\/sites\/2\/2015\/07\/gbrault-265a1.jpg","contentUrl":"http:\/\/multi-monde.ca\/en\/wp-content\/uploads\/sites\/2\/2015\/07\/gbrault-265a1.jpg"},{"@type":"BreadcrumbList","@id":"https:\/\/multi-monde.ca\/en\/multi-monde-production\/our-collaborators\/genevieve-brault\/#breadcrumb","itemListElement":[{"@type":"ListItem","position":1,"name":"Accueil","item":"https:\/\/multi-monde.ca\/en\/"},{"@type":"ListItem","position":2,"name":"Productions Multi-Monde","item":"https:\/\/multi-monde.ca\/en\/multi-monde-production\/"},{"@type":"ListItem","position":3,"name":"Our collaborators","item":"https:\/\/multi-monde.ca\/en\/multi-monde-production\/our-collaborators\/"},{"@type":"ListItem","position":4,"name":"Genevi\u00e8ve Brault"}]},{"@type":"WebSite","@id":"https:\/\/multi-monde.ca\/en\/#website","url":"https:\/\/multi-monde.ca\/en\/","name":"Multi-Monde EN","description":"Production \/ Distribution","potentialAction":[{"@type":"SearchAction","target":{"@type":"EntryPoint","urlTemplate":"https:\/\/multi-monde.ca\/en\/?s={search_term_string}"},"query-input":{"@type":"PropertyValueSpecification","valueRequired":true,"valueName":"search_term_string"}}],"inLanguage":"en-US"}]}},"_links":{"self":[{"href":"https:\/\/multi-monde.ca\/en\/wp-json\/wp\/v2\/pages\/554","targetHints":{"allow":["GET"]}}],"collection":[{"href":"https:\/\/multi-monde.ca\/en\/wp-json\/wp\/v2\/pages"}],"about":[{"href":"https:\/\/multi-monde.ca\/en\/wp-json\/wp\/v2\/types\/page"}],"author":[{"embeddable":true,"href":"https:\/\/multi-monde.ca\/en\/wp-json\/wp\/v2\/users\/1"}],"replies":[{"embeddable":true,"href":"https:\/\/multi-monde.ca\/en\/wp-json\/wp\/v2\/comments?post=554"}],"version-history":[{"count":3,"href":"https:\/\/multi-monde.ca\/en\/wp-json\/wp\/v2\/pages\/554\/revisions"}],"predecessor-version":[{"id":727,"href":"https:\/\/multi-monde.ca\/en\/wp-json\/wp\/v2\/pages\/554\/revisions\/727"}],"up":[{"embeddable":true,"href":"https:\/\/multi-monde.ca\/en\/wp-json\/wp\/v2\/pages\/10"}],"wp:attachment":[{"href":"https:\/\/multi-monde.ca\/en\/wp-json\/wp\/v2\/media?parent=554"}],"curies":[{"name":"wp","href":"https:\/\/api.w.org\/{rel}","templated":true}]}}