{"id":18,"date":"2015-05-14T17:17:02","date_gmt":"2015-05-14T21:17:02","guid":{"rendered":"http:\/\/multi-monde.ca\/en\/?page_id=18"},"modified":"2024-01-18T17:32:10","modified_gmt":"2024-01-18T22:32:10","slug":"contact-us","status":"publish","type":"page","link":"https:\/\/multi-monde.ca\/en\/contact-us\/","title":{"rendered":"Contact Us"},"content":{"rendered":"<h4>Multi-Monde<\/h4>\n<p>5333 Avenue Casgrain, suite 515<br \/>\nMontr\u00e9al (Qu\u00e9bec) H2T 1X3<br \/>\nCANADA<\/p>\n<p>T\u00e9l : +1 514 842-4047<\/p>\n<p>Contact us:<\/p>\n<div class=\"wpforms-container wpforms-container-full\" id=\"wpforms-1644\"><form id=\"wpforms-form-1644\" class=\"wpforms-validate wpforms-form\" data-formid=\"1644\" method=\"post\" enctype=\"multipart\/form-data\" action=\"\/en\/wp-json\/wp\/v2\/pages\/18\" data-token=\"6387cf1bd747f47dfa7e1d4e533521f1\" data-token-time=\"1775904764\"><noscript class=\"wpforms-error-noscript\">Please enable JavaScript in your browser to complete this form.<\/noscript><div class=\"wpforms-field-container\"><div id=\"wpforms-1644-field_0-container\" class=\"wpforms-field wpforms-field-name\" data-field-id=\"0\"><label class=\"wpforms-field-label\">Name <span class=\"wpforms-required-label\">*<\/span><\/label><div class=\"wpforms-field-row wpforms-field-medium\"><div class=\"wpforms-field-row-block wpforms-first wpforms-one-half\"><input type=\"text\" id=\"wpforms-1644-field_0\" class=\"wpforms-field-name-first wpforms-field-required\" name=\"wpforms[fields][0][first]\" required><label for=\"wpforms-1644-field_0\" class=\"wpforms-field-sublabel after\">First<\/label><\/div><div class=\"wpforms-field-row-block wpforms-one-half\"><input type=\"text\" id=\"wpforms-1644-field_0-last\" class=\"wpforms-field-name-last wpforms-field-required\" name=\"wpforms[fields][0][last]\" required><label for=\"wpforms-1644-field_0-last\" class=\"wpforms-field-sublabel after\">Last<\/label><\/div><\/div><\/div><div id=\"wpforms-1644-field_1-container\" class=\"wpforms-field wpforms-field-email\" data-field-id=\"1\"><label class=\"wpforms-field-label\" for=\"wpforms-1644-field_1\">Email <span class=\"wpforms-required-label\">*<\/span><\/label><input type=\"email\" id=\"wpforms-1644-field_1\" class=\"wpforms-field-medium wpforms-field-required\" name=\"wpforms[fields][1]\" spellcheck=\"false\" required><\/div><div id=\"wpforms-1644-field_5-container\" class=\"wpforms-field wpforms-field-phone\" data-field-id=\"5\"><label class=\"wpforms-field-label\" for=\"wpforms-1644-field_5\">Phone<\/label><input type=\"tel\" id=\"wpforms-1644-field_5\" class=\"wpforms-field-medium wpforms-masked-input\" data-inputmask=\"&#039;mask&#039;: &#039;(999) 999-9999&#039;\" data-rule-us-phone-field=\"true\" data-inputmask-inputmode=\"tel\" name=\"wpforms[fields][5]\" aria-label=\"Phone\" ><\/div><div id=\"wpforms-1644-field_4-container\" class=\"wpforms-field wpforms-field-select\" data-field-id=\"4\"><label class=\"wpforms-field-label\" for=\"wpforms-1644-field_4\">Choose department <span class=\"wpforms-required-label\">*<\/span><\/label><select id=\"wpforms-1644-field_4\" class=\"wpforms-field-medium wpforms-field-required\" name=\"wpforms[fields][4]\" required=\"required\"><option value=\"Distribution (Diffusion)\"  class=\"choice-1 depth-1\"  >Distribution (Diffusion)<\/option><option value=\"Production\"  class=\"choice-2 depth-1\"  >Production<\/option><\/select><\/div><div id=\"wpforms-1644-field_2-container\" class=\"wpforms-field wpforms-field-textarea\" data-field-id=\"2\"><label class=\"wpforms-field-label\" for=\"wpforms-1644-field_2\">Comment or Message <span class=\"wpforms-required-label\">*<\/span><\/label><textarea id=\"wpforms-1644-field_2\" class=\"wpforms-field-medium wpforms-field-required\" name=\"wpforms[fields][2]\" required><\/textarea><\/div><div id=\"wpforms-1644-field_6-container\" class=\"wpforms-field wpforms-field-captcha\" data-field-id=\"6\"><label class=\"wpforms-field-label\" for=\"wpforms-1644-field_6\">Captcha <span class=\"wpforms-required-label\">*<\/span><\/label>\t\t\t<div class=\"wpforms-captcha-math\">\n\t\t\t\t<span id=\"wpforms-1644-field_6-question\" class=\"wpforms-captcha-equation\">\n\t\t\t\t\t<span class=\"n1\">5<\/span>\n\t\t\t\t\t\t\t<span class=\"cal\">+<\/span>\n\t\t\t\t\t\t\t<span class=\"n2\">11<\/span>\t\t\t\t\t<span class=\"e\">=<\/span>\n\t\t\t\t<\/span>\n\t\t\t\t<input type=\"text\" id=\"wpforms-1644-field_6\" class=\"wpforms-field-medium wpforms-field-required a\" data-rule-wpf-captcha=\"math\" data-is-wrapped-field=\"1\" name=\"wpforms[fields][6][a]\" aria-describedby=\"wpforms-1644-field_6-question\" required>\t\t\t\t<input type=\"hidden\" name=\"wpforms[fields][6][cal]\" class=\"cal\">\n\t\t\t\t<input type=\"hidden\" name=\"wpforms[fields][6][n2]\" class=\"n2\">\n\t\t\t\t<input type=\"hidden\" name=\"wpforms[fields][6][n1]\" class=\"n1\">\n\t\t\t<\/div>\n\t\t\t<\/div><\/div><!-- .wpforms-field-container --><div class=\"wpforms-field wpforms-field-hp\"><label for=\"wpforms-1644-field-hp\" class=\"wpforms-field-label\">Message<\/label><input type=\"text\" name=\"wpforms[hp]\" id=\"wpforms-1644-field-hp\" class=\"wpforms-field-medium\"><\/div><div class=\"wpforms-recaptcha-container wpforms-is-recaptcha wpforms-is-recaptcha-type-invisible\" ><div class=\"g-recaptcha\" data-sitekey=\"6LesfXQUAAAAAHBMwyF2Gr2lLrT3UlxiOYEB6yz1\" data-size=\"invisible\"><\/div><\/div><div class=\"wpforms-submit-container\" ><input type=\"hidden\" name=\"wpforms[id]\" value=\"1644\"><input type=\"hidden\" name=\"page_title\" value=\"\"><input type=\"hidden\" name=\"page_url\" value=\"https:\/\/multi-monde.ca\/en\/wp-json\/wp\/v2\/pages\/18\"><input type=\"hidden\" name=\"url_referer\" value=\"\"><button type=\"submit\" name=\"wpforms[submit]\" id=\"wpforms-submit-1644\" class=\"wpforms-submit\" data-alt-text=\"Sending...\" data-submit-text=\"Submit\" aria-live=\"assertive\" value=\"wpforms-submit\">Submit<\/button><\/div><\/form><\/div>  <!-- .wpforms-container -->\n","protected":false},"excerpt":{"rendered":"<p>Multi-Monde 5333 Avenue Casgrain, suite 515 Montr\u00e9al (Qu\u00e9bec) H2T 1X3 CANADA T\u00e9l : +1 514 842-4047 Contact us:<\/p>\n","protected":false},"author":1,"featured_media":0,"parent":0,"menu_order":0,"comment_status":"open","ping_status":"open","template":"","meta":{"_acf_changed":false,"footnotes":""},"class_list":["post-18","page","type-page","status-publish","hentry"],"acf":[],"yoast_head":"<!-- This site is optimized with the Yoast SEO plugin v27.3 - https:\/\/yoast.com\/product\/yoast-seo-wordpress\/ -->\n<title>Contact Us - Multi-Monde EN<\/title>\n<meta name=\"robots\" content=\"index, follow, max-snippet:-1, max-image-preview:large, max-video-preview:-1\" \/>\n<link rel=\"canonical\" href=\"https:\/\/multi-monde.ca\/en\/contact-us\/\" \/>\n<meta property=\"og:locale\" content=\"en_US\" \/>\n<meta property=\"og:type\" content=\"article\" \/>\n<meta property=\"og:title\" content=\"Contact Us - Multi-Monde EN\" \/>\n<meta property=\"og:description\" content=\"Multi-Monde 5333 Avenue Casgrain, suite 515 Montr\u00e9al (Qu\u00e9bec) H2T 1X3 CANADA T\u00e9l : +1 514 842-4047 Contact us:\" \/>\n<meta property=\"og:url\" content=\"https:\/\/multi-monde.ca\/en\/contact-us\/\" \/>\n<meta property=\"og:site_name\" content=\"Multi-Monde EN\" \/>\n<meta property=\"article:modified_time\" content=\"2024-01-18T22:32:10+00:00\" \/>\n<meta name=\"twitter:card\" content=\"summary_large_image\" \/>\n<meta name=\"twitter:label1\" content=\"Est. reading time\" \/>\n\t<meta name=\"twitter:data1\" content=\"1 minute\" \/>\n<script type=\"application\/ld+json\" class=\"yoast-schema-graph\">{\"@context\":\"https:\\\/\\\/schema.org\",\"@graph\":[{\"@type\":\"WebPage\",\"@id\":\"https:\\\/\\\/multi-monde.ca\\\/en\\\/contact-us\\\/\",\"url\":\"https:\\\/\\\/multi-monde.ca\\\/en\\\/contact-us\\\/\",\"name\":\"Contact Us - Multi-Monde EN\",\"isPartOf\":{\"@id\":\"https:\\\/\\\/multi-monde.ca\\\/en\\\/#website\"},\"datePublished\":\"2015-05-14T21:17:02+00:00\",\"dateModified\":\"2024-01-18T22:32:10+00:00\",\"breadcrumb\":{\"@id\":\"https:\\\/\\\/multi-monde.ca\\\/en\\\/contact-us\\\/#breadcrumb\"},\"inLanguage\":\"en-US\",\"potentialAction\":[{\"@type\":\"ReadAction\",\"target\":[\"https:\\\/\\\/multi-monde.ca\\\/en\\\/contact-us\\\/\"]}]},{\"@type\":\"BreadcrumbList\",\"@id\":\"https:\\\/\\\/multi-monde.ca\\\/en\\\/contact-us\\\/#breadcrumb\",\"itemListElement\":[{\"@type\":\"ListItem\",\"position\":1,\"name\":\"Accueil\",\"item\":\"https:\\\/\\\/multi-monde.ca\\\/en\\\/\"},{\"@type\":\"ListItem\",\"position\":2,\"name\":\"Contact Us\"}]},{\"@type\":\"WebSite\",\"@id\":\"https:\\\/\\\/multi-monde.ca\\\/en\\\/#website\",\"url\":\"https:\\\/\\\/multi-monde.ca\\\/en\\\/\",\"name\":\"Multi-Monde EN\",\"description\":\"Production \\\/ Distribution\",\"potentialAction\":[{\"@type\":\"SearchAction\",\"target\":{\"@type\":\"EntryPoint\",\"urlTemplate\":\"https:\\\/\\\/multi-monde.ca\\\/en\\\/?s={search_term_string}\"},\"query-input\":{\"@type\":\"PropertyValueSpecification\",\"valueRequired\":true,\"valueName\":\"search_term_string\"}}],\"inLanguage\":\"en-US\"}]}<\/script>\n<!-- \/ Yoast SEO plugin. -->","yoast_head_json":{"title":"Contact Us - Multi-Monde EN","robots":{"index":"index","follow":"follow","max-snippet":"max-snippet:-1","max-image-preview":"max-image-preview:large","max-video-preview":"max-video-preview:-1"},"canonical":"https:\/\/multi-monde.ca\/en\/contact-us\/","og_locale":"en_US","og_type":"article","og_title":"Contact Us - Multi-Monde EN","og_description":"Multi-Monde 5333 Avenue Casgrain, suite 515 Montr\u00e9al (Qu\u00e9bec) H2T 1X3 CANADA T\u00e9l : +1 514 842-4047 Contact us:","og_url":"https:\/\/multi-monde.ca\/en\/contact-us\/","og_site_name":"Multi-Monde EN","article_modified_time":"2024-01-18T22:32:10+00:00","twitter_card":"summary_large_image","twitter_misc":{"Est. reading time":"1 minute"},"schema":{"@context":"https:\/\/schema.org","@graph":[{"@type":"WebPage","@id":"https:\/\/multi-monde.ca\/en\/contact-us\/","url":"https:\/\/multi-monde.ca\/en\/contact-us\/","name":"Contact Us - Multi-Monde EN","isPartOf":{"@id":"https:\/\/multi-monde.ca\/en\/#website"},"datePublished":"2015-05-14T21:17:02+00:00","dateModified":"2024-01-18T22:32:10+00:00","breadcrumb":{"@id":"https:\/\/multi-monde.ca\/en\/contact-us\/#breadcrumb"},"inLanguage":"en-US","potentialAction":[{"@type":"ReadAction","target":["https:\/\/multi-monde.ca\/en\/contact-us\/"]}]},{"@type":"BreadcrumbList","@id":"https:\/\/multi-monde.ca\/en\/contact-us\/#breadcrumb","itemListElement":[{"@type":"ListItem","position":1,"name":"Accueil","item":"https:\/\/multi-monde.ca\/en\/"},{"@type":"ListItem","position":2,"name":"Contact Us"}]},{"@type":"WebSite","@id":"https:\/\/multi-monde.ca\/en\/#website","url":"https:\/\/multi-monde.ca\/en\/","name":"Multi-Monde EN","description":"Production \/ Distribution","potentialAction":[{"@type":"SearchAction","target":{"@type":"EntryPoint","urlTemplate":"https:\/\/multi-monde.ca\/en\/?s={search_term_string}"},"query-input":{"@type":"PropertyValueSpecification","valueRequired":true,"valueName":"search_term_string"}}],"inLanguage":"en-US"}]}},"_links":{"self":[{"href":"https:\/\/multi-monde.ca\/en\/wp-json\/wp\/v2\/pages\/18","targetHints":{"allow":["GET"]}}],"collection":[{"href":"https:\/\/multi-monde.ca\/en\/wp-json\/wp\/v2\/pages"}],"about":[{"href":"https:\/\/multi-monde.ca\/en\/wp-json\/wp\/v2\/types\/page"}],"author":[{"embeddable":true,"href":"https:\/\/multi-monde.ca\/en\/wp-json\/wp\/v2\/users\/1"}],"replies":[{"embeddable":true,"href":"https:\/\/multi-monde.ca\/en\/wp-json\/wp\/v2\/comments?post=18"}],"version-history":[{"count":14,"href":"https:\/\/multi-monde.ca\/en\/wp-json\/wp\/v2\/pages\/18\/revisions"}],"predecessor-version":[{"id":2365,"href":"https:\/\/multi-monde.ca\/en\/wp-json\/wp\/v2\/pages\/18\/revisions\/2365"}],"wp:attachment":[{"href":"https:\/\/multi-monde.ca\/en\/wp-json\/wp\/v2\/media?parent=18"}],"curies":[{"name":"wp","href":"https:\/\/api.w.org\/{rel}","templated":true}]}}